{"id":1147,"date":"2020-11-19T14:39:09","date_gmt":"2020-11-19T13:39:09","guid":{"rendered":"https:\/\/xn--au-souffle-de-lumire-61b.be\/?page_id=1147"},"modified":"2020-12-29T09:32:50","modified_gmt":"2020-12-29T08:32:50","slug":"le-protocole-simpson","status":"publish","type":"page","link":"https:\/\/www.au-souffle-de-lumiere.be\/index.php\/le-protocole-simpson\/","title":{"rendered":"Le protocole simpson"},"content":{"rendered":"\n<figure class=\"wp-block-image size-large\"><img data-recalc-dims=\"1\" loading=\"lazy\" decoding=\"async\" width=\"300\" height=\"300\" src=\"https:\/\/i0.wp.com\/xn--au-souffle-de-lumire-61b.be\/wp-content\/uploads\/2020\/12\/spcertif67-e1506286349928.jpg?resize=300%2C300&#038;ssl=1\" alt=\"\" class=\"wp-image-1338\" srcset=\"https:\/\/i0.wp.com\/www.au-souffle-de-lumiere.be\/wp-content\/uploads\/2020\/12\/spcertif67-e1506286349928.jpg?w=300&amp;ssl=1 300w, https:\/\/i0.wp.com\/www.au-souffle-de-lumiere.be\/wp-content\/uploads\/2020\/12\/spcertif67-e1506286349928.jpg?resize=150%2C150&amp;ssl=1 150w\" sizes=\"auto, (max-width: 300px) 100vw, 300px\" \/><\/figure>\n\n\n\n<p class=\"has-black-color has-text-color\" style=\"font-size:18px\"><em>Le <strong>Protocole Simpson<\/strong>, d\u00e9velopp\u00e9 par Ines Simpson, travaille avec une&nbsp;forme profonde d&rsquo;hypnose, \u00e9galement appel\u00e9 \u00c9tat d&rsquo;Esdaile ( forme de coma hypnotique). Pour atteindre cet \u00e9tat de transe , chaque s\u00e9ance commence par une induction hypnotique et quelques techniques d&rsquo;approfondissement. La communication avec la conscience sup\u00e9rieure ( le supraconscient) se fait via des&nbsp;signaux id\u00e9omoteurs. De nombreuses questions sp\u00e9cifiques sont pos\u00e9es auxquelles la conscience sup\u00e9rieure peut r\u00e9pondre par \u00aboui\u00bb ou \u00abnon\u00bb. De cette mani\u00e8re, les blocages sont dissous qui jusqu&rsquo;ici emp\u00eachaient le processus de gu\u00e9rison. Parfois, il arrive que des moments du pass\u00e9 soient port\u00e9s \u00e0 la conscience. Si ces moments ont un effet b\u00e9n\u00e9fique, ils seront bri\u00e8vement discut\u00e9s pour que le traitement se d\u00e9roule mieux.<\/em><\/p>\n\n\n\n<p class=\"has-black-color has-text-color\" style=\"font-size:18px\"><em>Cette technique repr\u00e9sente une profonde perc\u00e9e dans le domaine de l\u2019hypnose. On a d\u00e9j\u00e0 commenc\u00e9 \u00e0 r\u00e9volutionner les th\u00e9rapies pour les individualiser pour chaque consultant en permettant au Supraconscient de faire le travail. Ce qui est important, c\u2019est que cela enl\u00e8ve le jugement du th\u00e9rapeute de l\u2019\u00e9quation et permet au consultant de faire l\u2019\u00e9valuation et le travail de changement de l\u2019int\u00e9rieur. Il n\u2019est pas n\u00e9cessaire que le consultant vous dise quel est le probl\u00e8me.&nbsp;Leur esprit conna\u00eet le probl\u00e8me et c\u2019est suffisant. C\u2019est un avantage majeur pour de nombreux consultants qui ne souhaitent pas exposer leurs probl\u00e8mes \u00e0 qui que ce soit et d\u2019autre en raison de probl\u00e8mes de confidentialit\u00e9.<\/em><\/p>\n","protected":false},"excerpt":{"rendered":"<p>Le Protocole Simpson, d\u00e9velopp\u00e9 par Ines Simpson, travaille avec une&nbsp;forme profonde d&rsquo;hypnose, \u00e9galement appel\u00e9 \u00c9tat d&rsquo;Esdaile ( forme de coma hypnotique). Pour atteindre cet \u00e9tat de transe , chaque s\u00e9ance commence par une induction hypnotique et quelques techniques d&rsquo;approfondissement. La communication avec la conscience sup\u00e9rieure ( le supraconscient) se fait via des&nbsp;signaux id\u00e9omoteurs. De nombreuses &hellip; <a href=\"https:\/\/www.au-souffle-de-lumiere.be\/index.php\/le-protocole-simpson\/\" class=\"more-link\">Continuer la lecture de <span class=\"screen-reader-text\">Le protocole simpson<\/span> <span class=\"meta-nav\">&rarr;<\/span><\/a><\/p>\n","protected":false},"author":1,"featured_media":0,"parent":0,"menu_order":0,"comment_status":"closed","ping_status":"closed","template":"","meta":{"footnotes":""},"class_list":["post-1147","page","type-page","status-publish","hentry"],"yoast_head":"<!-- This site is optimized with the Yoast SEO plugin v27.5 - https:\/\/yoast.com\/product\/yoast-seo-wordpress\/ -->\n<title>Le protocole simpson - Au Souffle De Lumi\u00e8re<\/title>\n<meta name=\"robots\" content=\"index, follow, max-snippet:-1, max-image-preview:large, max-video-preview:-1\" \/>\n<link rel=\"canonical\" href=\"https:\/\/www.au-souffle-de-lumiere.be\/index.php\/le-protocole-simpson\/\" \/>\n<meta property=\"og:locale\" content=\"fr_FR\" \/>\n<meta property=\"og:type\" content=\"article\" \/>\n<meta property=\"og:title\" content=\"Le protocole simpson - Au Souffle De Lumi\u00e8re\" \/>\n<meta property=\"og:description\" content=\"Le Protocole Simpson, d\u00e9velopp\u00e9 par Ines Simpson, travaille avec une&nbsp;forme profonde d&rsquo;hypnose, \u00e9galement appel\u00e9 \u00c9tat d&rsquo;Esdaile ( forme de coma hypnotique). Pour atteindre cet \u00e9tat de transe , chaque s\u00e9ance commence par une induction hypnotique et quelques techniques d&rsquo;approfondissement. La communication avec la conscience sup\u00e9rieure ( le supraconscient) se fait via des&nbsp;signaux id\u00e9omoteurs. De nombreuses &hellip; Continuer la lecture de Le protocole simpson &rarr;\" \/>\n<meta property=\"og:url\" content=\"https:\/\/www.au-souffle-de-lumiere.be\/index.php\/le-protocole-simpson\/\" \/>\n<meta property=\"og:site_name\" content=\"Au Souffle De Lumi\u00e8re\" \/>\n<meta property=\"article:modified_time\" content=\"2020-12-29T08:32:50+00:00\" \/>\n<meta property=\"og:image\" content=\"https:\/\/xn--au-souffle-de-lumire-61b.be\/wp-content\/uploads\/2020\/12\/spcertif67-e1506286349928.jpg\" \/>\n<meta name=\"twitter:card\" content=\"summary_large_image\" \/>\n<meta name=\"twitter:label1\" content=\"Dur\u00e9e de lecture estim\u00e9e\" \/>\n\t<meta name=\"twitter:data1\" content=\"1 minute\" \/>\n<script type=\"application\/ld+json\" class=\"yoast-schema-graph\">{\"@context\":\"https:\\\/\\\/schema.org\",\"@graph\":[{\"@type\":\"WebPage\",\"@id\":\"https:\\\/\\\/www.au-souffle-de-lumiere.be\\\/index.php\\\/le-protocole-simpson\\\/\",\"url\":\"https:\\\/\\\/www.au-souffle-de-lumiere.be\\\/index.php\\\/le-protocole-simpson\\\/\",\"name\":\"Le protocole simpson - Au Souffle De Lumi\u00e8re\",\"isPartOf\":{\"@id\":\"https:\\\/\\\/www.au-souffle-de-lumiere.be\\\/#website\"},\"primaryImageOfPage\":{\"@id\":\"https:\\\/\\\/www.au-souffle-de-lumiere.be\\\/index.php\\\/le-protocole-simpson\\\/#primaryimage\"},\"image\":{\"@id\":\"https:\\\/\\\/www.au-souffle-de-lumiere.be\\\/index.php\\\/le-protocole-simpson\\\/#primaryimage\"},\"thumbnailUrl\":\"https:\\\/\\\/xn--au-souffle-de-lumire-61b.be\\\/wp-content\\\/uploads\\\/2020\\\/12\\\/spcertif67-e1506286349928.jpg\",\"datePublished\":\"2020-11-19T13:39:09+00:00\",\"dateModified\":\"2020-12-29T08:32:50+00:00\",\"breadcrumb\":{\"@id\":\"https:\\\/\\\/www.au-souffle-de-lumiere.be\\\/index.php\\\/le-protocole-simpson\\\/#breadcrumb\"},\"inLanguage\":\"fr-FR\",\"potentialAction\":[{\"@type\":\"ReadAction\",\"target\":[\"https:\\\/\\\/www.au-souffle-de-lumiere.be\\\/index.php\\\/le-protocole-simpson\\\/\"]}]},{\"@type\":\"ImageObject\",\"inLanguage\":\"fr-FR\",\"@id\":\"https:\\\/\\\/www.au-souffle-de-lumiere.be\\\/index.php\\\/le-protocole-simpson\\\/#primaryimage\",\"url\":\"https:\\\/\\\/xn--au-souffle-de-lumire-61b.be\\\/wp-content\\\/uploads\\\/2020\\\/12\\\/spcertif67-e1506286349928.jpg\",\"contentUrl\":\"https:\\\/\\\/xn--au-souffle-de-lumire-61b.be\\\/wp-content\\\/uploads\\\/2020\\\/12\\\/spcertif67-e1506286349928.jpg\"},{\"@type\":\"BreadcrumbList\",\"@id\":\"https:\\\/\\\/www.au-souffle-de-lumiere.be\\\/index.php\\\/le-protocole-simpson\\\/#breadcrumb\",\"itemListElement\":[{\"@type\":\"ListItem\",\"position\":1,\"name\":\"Accueil\",\"item\":\"https:\\\/\\\/www.au-souffle-de-lumiere.be\\\/\"},{\"@type\":\"ListItem\",\"position\":2,\"name\":\"Le protocole simpson\"}]},{\"@type\":\"WebSite\",\"@id\":\"https:\\\/\\\/www.au-souffle-de-lumiere.be\\\/#website\",\"url\":\"https:\\\/\\\/www.au-souffle-de-lumiere.be\\\/\",\"name\":\"Au Souffle De Lumi\u00e8re\",\"description\":\"Hypnose-Soin \u00e9nerg\u00e9tique\",\"publisher\":{\"@id\":\"https:\\\/\\\/www.au-souffle-de-lumiere.be\\\/#organization\"},\"potentialAction\":[{\"@type\":\"SearchAction\",\"target\":{\"@type\":\"EntryPoint\",\"urlTemplate\":\"https:\\\/\\\/www.au-souffle-de-lumiere.be\\\/?s={search_term_string}\"},\"query-input\":{\"@type\":\"PropertyValueSpecification\",\"valueRequired\":true,\"valueName\":\"search_term_string\"}}],\"inLanguage\":\"fr-FR\"},{\"@type\":\"Organization\",\"@id\":\"https:\\\/\\\/www.au-souffle-de-lumiere.be\\\/#organization\",\"name\":\"Au souffle de lumi\u00e8re\",\"url\":\"https:\\\/\\\/www.au-souffle-de-lumiere.be\\\/\",\"logo\":{\"@type\":\"ImageObject\",\"inLanguage\":\"fr-FR\",\"@id\":\"https:\\\/\\\/www.au-souffle-de-lumiere.be\\\/#\\\/schema\\\/logo\\\/image\\\/\",\"url\":\"https:\\\/\\\/i2.wp.com\\\/www.au-souffle-de-lumiere.be\\\/wp-content\\\/uploads\\\/2020\\\/02\\\/Nature-Soleil-5d66366b.jpg?fit=1920%2C1200&ssl=1\",\"contentUrl\":\"https:\\\/\\\/i2.wp.com\\\/www.au-souffle-de-lumiere.be\\\/wp-content\\\/uploads\\\/2020\\\/02\\\/Nature-Soleil-5d66366b.jpg?fit=1920%2C1200&ssl=1\",\"width\":1920,\"height\":1200,\"caption\":\"Au souffle de lumi\u00e8re\"},\"image\":{\"@id\":\"https:\\\/\\\/www.au-souffle-de-lumiere.be\\\/#\\\/schema\\\/logo\\\/image\\\/\"}}]}<\/script>\n<!-- \/ Yoast SEO plugin. -->","yoast_head_json":{"title":"Le protocole simpson - Au Souffle De Lumi\u00e8re","robots":{"index":"index","follow":"follow","max-snippet":"max-snippet:-1","max-image-preview":"max-image-preview:large","max-video-preview":"max-video-preview:-1"},"canonical":"https:\/\/www.au-souffle-de-lumiere.be\/index.php\/le-protocole-simpson\/","og_locale":"fr_FR","og_type":"article","og_title":"Le protocole simpson - Au Souffle De Lumi\u00e8re","og_description":"Le Protocole Simpson, d\u00e9velopp\u00e9 par Ines Simpson, travaille avec une&nbsp;forme profonde d&rsquo;hypnose, \u00e9galement appel\u00e9 \u00c9tat d&rsquo;Esdaile ( forme de coma hypnotique). Pour atteindre cet \u00e9tat de transe , chaque s\u00e9ance commence par une induction hypnotique et quelques techniques d&rsquo;approfondissement. La communication avec la conscience sup\u00e9rieure ( le supraconscient) se fait via des&nbsp;signaux id\u00e9omoteurs. De nombreuses &hellip; Continuer la lecture de Le protocole simpson &rarr;","og_url":"https:\/\/www.au-souffle-de-lumiere.be\/index.php\/le-protocole-simpson\/","og_site_name":"Au Souffle De Lumi\u00e8re","article_modified_time":"2020-12-29T08:32:50+00:00","og_image":[{"url":"https:\/\/xn--au-souffle-de-lumire-61b.be\/wp-content\/uploads\/2020\/12\/spcertif67-e1506286349928.jpg","type":"","width":"","height":""}],"twitter_card":"summary_large_image","twitter_misc":{"Dur\u00e9e de lecture estim\u00e9e":"1 minute"},"schema":{"@context":"https:\/\/schema.org","@graph":[{"@type":"WebPage","@id":"https:\/\/www.au-souffle-de-lumiere.be\/index.php\/le-protocole-simpson\/","url":"https:\/\/www.au-souffle-de-lumiere.be\/index.php\/le-protocole-simpson\/","name":"Le protocole simpson - Au Souffle De Lumi\u00e8re","isPartOf":{"@id":"https:\/\/www.au-souffle-de-lumiere.be\/#website"},"primaryImageOfPage":{"@id":"https:\/\/www.au-souffle-de-lumiere.be\/index.php\/le-protocole-simpson\/#primaryimage"},"image":{"@id":"https:\/\/www.au-souffle-de-lumiere.be\/index.php\/le-protocole-simpson\/#primaryimage"},"thumbnailUrl":"https:\/\/xn--au-souffle-de-lumire-61b.be\/wp-content\/uploads\/2020\/12\/spcertif67-e1506286349928.jpg","datePublished":"2020-11-19T13:39:09+00:00","dateModified":"2020-12-29T08:32:50+00:00","breadcrumb":{"@id":"https:\/\/www.au-souffle-de-lumiere.be\/index.php\/le-protocole-simpson\/#breadcrumb"},"inLanguage":"fr-FR","potentialAction":[{"@type":"ReadAction","target":["https:\/\/www.au-souffle-de-lumiere.be\/index.php\/le-protocole-simpson\/"]}]},{"@type":"ImageObject","inLanguage":"fr-FR","@id":"https:\/\/www.au-souffle-de-lumiere.be\/index.php\/le-protocole-simpson\/#primaryimage","url":"https:\/\/xn--au-souffle-de-lumire-61b.be\/wp-content\/uploads\/2020\/12\/spcertif67-e1506286349928.jpg","contentUrl":"https:\/\/xn--au-souffle-de-lumire-61b.be\/wp-content\/uploads\/2020\/12\/spcertif67-e1506286349928.jpg"},{"@type":"BreadcrumbList","@id":"https:\/\/www.au-souffle-de-lumiere.be\/index.php\/le-protocole-simpson\/#breadcrumb","itemListElement":[{"@type":"ListItem","position":1,"name":"Accueil","item":"https:\/\/www.au-souffle-de-lumiere.be\/"},{"@type":"ListItem","position":2,"name":"Le protocole simpson"}]},{"@type":"WebSite","@id":"https:\/\/www.au-souffle-de-lumiere.be\/#website","url":"https:\/\/www.au-souffle-de-lumiere.be\/","name":"Au Souffle De Lumi\u00e8re","description":"Hypnose-Soin \u00e9nerg\u00e9tique","publisher":{"@id":"https:\/\/www.au-souffle-de-lumiere.be\/#organization"},"potentialAction":[{"@type":"SearchAction","target":{"@type":"EntryPoint","urlTemplate":"https:\/\/www.au-souffle-de-lumiere.be\/?s={search_term_string}"},"query-input":{"@type":"PropertyValueSpecification","valueRequired":true,"valueName":"search_term_string"}}],"inLanguage":"fr-FR"},{"@type":"Organization","@id":"https:\/\/www.au-souffle-de-lumiere.be\/#organization","name":"Au souffle de lumi\u00e8re","url":"https:\/\/www.au-souffle-de-lumiere.be\/","logo":{"@type":"ImageObject","inLanguage":"fr-FR","@id":"https:\/\/www.au-souffle-de-lumiere.be\/#\/schema\/logo\/image\/","url":"https:\/\/i2.wp.com\/www.au-souffle-de-lumiere.be\/wp-content\/uploads\/2020\/02\/Nature-Soleil-5d66366b.jpg?fit=1920%2C1200&ssl=1","contentUrl":"https:\/\/i2.wp.com\/www.au-souffle-de-lumiere.be\/wp-content\/uploads\/2020\/02\/Nature-Soleil-5d66366b.jpg?fit=1920%2C1200&ssl=1","width":1920,"height":1200,"caption":"Au souffle de lumi\u00e8re"},"image":{"@id":"https:\/\/www.au-souffle-de-lumiere.be\/#\/schema\/logo\/image\/"}}]}},"jetpack_sharing_enabled":true,"_links":{"self":[{"href":"https:\/\/www.au-souffle-de-lumiere.be\/index.php\/wp-json\/wp\/v2\/pages\/1147","targetHints":{"allow":["GET"]}}],"collection":[{"href":"https:\/\/www.au-souffle-de-lumiere.be\/index.php\/wp-json\/wp\/v2\/pages"}],"about":[{"href":"https:\/\/www.au-souffle-de-lumiere.be\/index.php\/wp-json\/wp\/v2\/types\/page"}],"author":[{"embeddable":true,"href":"https:\/\/www.au-souffle-de-lumiere.be\/index.php\/wp-json\/wp\/v2\/users\/1"}],"replies":[{"embeddable":true,"href":"https:\/\/www.au-souffle-de-lumiere.be\/index.php\/wp-json\/wp\/v2\/comments?post=1147"}],"version-history":[{"count":0,"href":"https:\/\/www.au-souffle-de-lumiere.be\/index.php\/wp-json\/wp\/v2\/pages\/1147\/revisions"}],"wp:attachment":[{"href":"https:\/\/www.au-souffle-de-lumiere.be\/index.php\/wp-json\/wp\/v2\/media?parent=1147"}],"curies":[{"name":"wp","href":"https:\/\/api.w.org\/{rel}","templated":true}]}}