{"id":1475,"date":"2021-05-10T16:45:45","date_gmt":"2021-05-10T14:45:45","guid":{"rendered":"https:\/\/www.au-souffle-de-lumiere.be\/?page_id=1475"},"modified":"2021-07-12T13:59:27","modified_gmt":"2021-07-12T11:59:27","slug":"guidance-dame","status":"publish","type":"page","link":"https:\/\/www.au-souffle-de-lumiere.be\/index.php\/guidance-dame\/","title":{"rendered":"Guidance d&rsquo;\u00e2me"},"content":{"rendered":"\n<figure class=\"wp-block-image size-large is-resized\"><img data-recalc-dims=\"1\" loading=\"lazy\" decoding=\"async\" src=\"https:\/\/i0.wp.com\/www.au-souffle-de-lumiere.be\/wp-content\/uploads\/2021\/05\/wp-1455095674055.jpeg?resize=310%2C403&#038;ssl=1\" alt=\"\" class=\"wp-image-1474\" width=\"310\" height=\"403\" srcset=\"https:\/\/i0.wp.com\/www.au-souffle-de-lumiere.be\/wp-content\/uploads\/2021\/05\/wp-1455095674055.jpeg?w=720&amp;ssl=1 720w, https:\/\/i0.wp.com\/www.au-souffle-de-lumiere.be\/wp-content\/uploads\/2021\/05\/wp-1455095674055.jpeg?resize=231%2C300&amp;ssl=1 231w\" sizes=\"auto, (max-width: 310px) 100vw, 310px\" \/><\/figure>\n\n\n\n<p><\/p>\n\n\n\n<p class=\"has-black-color has-text-color\" style=\"font-size:22px\"><em><strong>Comment tout a commenc\u00e9,<\/strong><\/em><strong><\/strong><\/p>\n\n\n\n<p class=\"has-black-color has-text-color\" style=\"font-size:18px\"><em><strong>Durant les soins \u00e9nerg\u00e9tiques que mes guides et moi donnions, nous avons \u00e9t\u00e9 appel\u00e9s plusieurs fois \u00e0 nous connecter \u00e0 l\u2019\u00e2me de la personne pour la guider, la rassurer, l\u2019\u00e9nergiser et parfois la soigner.<\/strong><\/em><strong><\/strong><\/p>\n\n\n\n<p class=\"has-black-color has-text-color\" style=\"font-size:18px\"><em><strong>Apr\u00e8s cela, nous donnons certaines cl\u00e9s \u00e0 la personne et elle voit sa vie radicalement c<\/strong><\/em><strong><em>hang\u00e9e<\/em>.<\/strong><\/p>\n\n\n\n<p class=\"has-black-color has-text-color\" style=\"font-size:18px\"><em><strong>Aujourd\u2019hui mes guides et les instances plus hautes me demande avec l\u2019aide des cr\u00e2nes de cristal de proposer cette guidance selon la demande.<\/strong><\/em><strong><\/strong><\/p>\n\n\n\n<p class=\"has-black-color has-text-color\" style=\"font-size:22px\"><em><strong>Cela consiste en quoi ?<\/strong><\/em><\/p>\n\n\n\n<p class=\"has-black-color has-text-color\" style=\"font-size:18px\"><em><strong>Une lecture d\u2019\u00e2me est une guidance, un instant magique rempli d\u2019amour, de bienveillance, de conseils pr\u00e9cieux pour mieux se d\u00e9couvrir et se reconnecter au plus profond de soi.<\/strong><\/em><strong><\/strong><\/p>\n\n\n\n<p class=\"has-black-color has-text-color\" style=\"font-size:18px\"><em><strong>Pendant cette s\u00e9ance, je canalise les messages de votre \u00e2me et de vos guides spirituels afin de vous apporter la clairvoyance dont vous avez besoin. Une mise en lumi\u00e8re\u00a0 pour mieux vous conna\u00eetre, faire le point, comprendre o\u00f9 vous en \u00eates, voir ce qui peut coincer et repartir avec des r\u00e9ponses et des pistes de r\u00e9flexion.<\/strong><\/em><\/p>\n\n\n\n<p class=\"has-black-color has-text-color\" style=\"font-size:18px\"><em><strong>Une lecture d\u2019\u00e2me peut se renouveler selon vos envies, vos projets, votre \u00e9volution personnelle ou professionnelle, ainsi qu\u2019\u00e0 diff\u00e9rentes \u00e9tapes de votre vie.<\/strong><\/em><strong><\/strong><\/p>\n","protected":false},"excerpt":{"rendered":"<p>Comment tout a commenc\u00e9, Durant les soins \u00e9nerg\u00e9tiques que mes guides et moi donnions, nous avons \u00e9t\u00e9 appel\u00e9s plusieurs fois \u00e0 nous connecter \u00e0 l\u2019\u00e2me de la personne pour la guider, la rassurer, l\u2019\u00e9nergiser et parfois la soigner. Apr\u00e8s cela, nous donnons certaines cl\u00e9s \u00e0 la personne et elle voit sa vie radicalement chang\u00e9e. Aujourd\u2019hui &hellip; <a href=\"https:\/\/www.au-souffle-de-lumiere.be\/index.php\/guidance-dame\/\" class=\"more-link\">Continuer la lecture de <span class=\"screen-reader-text\">Guidance d&rsquo;\u00e2me<\/span> <span class=\"meta-nav\">&rarr;<\/span><\/a><\/p>\n","protected":false},"author":1,"featured_media":0,"parent":0,"menu_order":0,"comment_status":"closed","ping_status":"closed","template":"","meta":{"footnotes":""},"class_list":["post-1475","page","type-page","status-publish","hentry"],"yoast_head":"<!-- This site is optimized with the Yoast SEO plugin v27.6 - https:\/\/yoast.com\/product\/yoast-seo-wordpress\/ -->\n<title>Guidance d&#039;\u00e2me - Au Souffle De Lumi\u00e8re<\/title>\n<meta name=\"robots\" content=\"index, follow, max-snippet:-1, max-image-preview:large, max-video-preview:-1\" \/>\n<link rel=\"canonical\" href=\"https:\/\/www.au-souffle-de-lumiere.be\/index.php\/guidance-dame\/\" \/>\n<meta property=\"og:locale\" content=\"fr_FR\" \/>\n<meta property=\"og:type\" content=\"article\" \/>\n<meta property=\"og:title\" content=\"Guidance d&#039;\u00e2me - Au Souffle De Lumi\u00e8re\" \/>\n<meta property=\"og:description\" content=\"Comment tout a commenc\u00e9, Durant les soins \u00e9nerg\u00e9tiques que mes guides et moi donnions, nous avons \u00e9t\u00e9 appel\u00e9s plusieurs fois \u00e0 nous connecter \u00e0 l\u2019\u00e2me de la personne pour la guider, la rassurer, l\u2019\u00e9nergiser et parfois la soigner. Apr\u00e8s cela, nous donnons certaines cl\u00e9s \u00e0 la personne et elle voit sa vie radicalement chang\u00e9e. Aujourd\u2019hui &hellip; Continuer la lecture de Guidance d&rsquo;\u00e2me &rarr;\" \/>\n<meta property=\"og:url\" content=\"https:\/\/www.au-souffle-de-lumiere.be\/index.php\/guidance-dame\/\" \/>\n<meta property=\"og:site_name\" content=\"Au Souffle De Lumi\u00e8re\" \/>\n<meta property=\"article:modified_time\" content=\"2021-07-12T11:59:27+00:00\" \/>\n<meta property=\"og:image\" content=\"https:\/\/www.au-souffle-de-lumiere.be\/wp-content\/uploads\/2021\/05\/wp-1455095674055.jpeg\" \/>\n<meta name=\"twitter:card\" content=\"summary_large_image\" \/>\n<meta name=\"twitter:label1\" content=\"Dur\u00e9e de lecture estim\u00e9e\" \/>\n\t<meta name=\"twitter:data1\" content=\"2 minutes\" \/>\n<script type=\"application\/ld+json\" class=\"yoast-schema-graph\">{\"@context\":\"https:\\\/\\\/schema.org\",\"@graph\":[{\"@type\":\"WebPage\",\"@id\":\"https:\\\/\\\/www.au-souffle-de-lumiere.be\\\/index.php\\\/guidance-dame\\\/\",\"url\":\"https:\\\/\\\/www.au-souffle-de-lumiere.be\\\/index.php\\\/guidance-dame\\\/\",\"name\":\"Guidance d'\u00e2me - Au Souffle De Lumi\u00e8re\",\"isPartOf\":{\"@id\":\"https:\\\/\\\/www.au-souffle-de-lumiere.be\\\/#website\"},\"primaryImageOfPage\":{\"@id\":\"https:\\\/\\\/www.au-souffle-de-lumiere.be\\\/index.php\\\/guidance-dame\\\/#primaryimage\"},\"image\":{\"@id\":\"https:\\\/\\\/www.au-souffle-de-lumiere.be\\\/index.php\\\/guidance-dame\\\/#primaryimage\"},\"thumbnailUrl\":\"https:\\\/\\\/www.au-souffle-de-lumiere.be\\\/wp-content\\\/uploads\\\/2021\\\/05\\\/wp-1455095674055.jpeg\",\"datePublished\":\"2021-05-10T14:45:45+00:00\",\"dateModified\":\"2021-07-12T11:59:27+00:00\",\"breadcrumb\":{\"@id\":\"https:\\\/\\\/www.au-souffle-de-lumiere.be\\\/index.php\\\/guidance-dame\\\/#breadcrumb\"},\"inLanguage\":\"fr-FR\",\"potentialAction\":[{\"@type\":\"ReadAction\",\"target\":[\"https:\\\/\\\/www.au-souffle-de-lumiere.be\\\/index.php\\\/guidance-dame\\\/\"]}]},{\"@type\":\"ImageObject\",\"inLanguage\":\"fr-FR\",\"@id\":\"https:\\\/\\\/www.au-souffle-de-lumiere.be\\\/index.php\\\/guidance-dame\\\/#primaryimage\",\"url\":\"https:\\\/\\\/i0.wp.com\\\/www.au-souffle-de-lumiere.be\\\/wp-content\\\/uploads\\\/2021\\\/05\\\/wp-1455095674055.jpeg?fit=720%2C935&ssl=1\",\"contentUrl\":\"https:\\\/\\\/i0.wp.com\\\/www.au-souffle-de-lumiere.be\\\/wp-content\\\/uploads\\\/2021\\\/05\\\/wp-1455095674055.jpeg?fit=720%2C935&ssl=1\",\"width\":720,\"height\":935},{\"@type\":\"BreadcrumbList\",\"@id\":\"https:\\\/\\\/www.au-souffle-de-lumiere.be\\\/index.php\\\/guidance-dame\\\/#breadcrumb\",\"itemListElement\":[{\"@type\":\"ListItem\",\"position\":1,\"name\":\"Accueil\",\"item\":\"https:\\\/\\\/www.au-souffle-de-lumiere.be\\\/\"},{\"@type\":\"ListItem\",\"position\":2,\"name\":\"Guidance d&rsquo;\u00e2me\"}]},{\"@type\":\"WebSite\",\"@id\":\"https:\\\/\\\/www.au-souffle-de-lumiere.be\\\/#website\",\"url\":\"https:\\\/\\\/www.au-souffle-de-lumiere.be\\\/\",\"name\":\"Au Souffle De Lumi\u00e8re\",\"description\":\"Hypnose-Soin \u00e9nerg\u00e9tique\",\"publisher\":{\"@id\":\"https:\\\/\\\/www.au-souffle-de-lumiere.be\\\/#organization\"},\"potentialAction\":[{\"@type\":\"SearchAction\",\"target\":{\"@type\":\"EntryPoint\",\"urlTemplate\":\"https:\\\/\\\/www.au-souffle-de-lumiere.be\\\/?s={search_term_string}\"},\"query-input\":{\"@type\":\"PropertyValueSpecification\",\"valueRequired\":true,\"valueName\":\"search_term_string\"}}],\"inLanguage\":\"fr-FR\"},{\"@type\":\"Organization\",\"@id\":\"https:\\\/\\\/www.au-souffle-de-lumiere.be\\\/#organization\",\"name\":\"Au souffle de lumi\u00e8re\",\"url\":\"https:\\\/\\\/www.au-souffle-de-lumiere.be\\\/\",\"logo\":{\"@type\":\"ImageObject\",\"inLanguage\":\"fr-FR\",\"@id\":\"https:\\\/\\\/www.au-souffle-de-lumiere.be\\\/#\\\/schema\\\/logo\\\/image\\\/\",\"url\":\"https:\\\/\\\/i2.wp.com\\\/www.au-souffle-de-lumiere.be\\\/wp-content\\\/uploads\\\/2020\\\/02\\\/Nature-Soleil-5d66366b.jpg?fit=1920%2C1200&ssl=1\",\"contentUrl\":\"https:\\\/\\\/i2.wp.com\\\/www.au-souffle-de-lumiere.be\\\/wp-content\\\/uploads\\\/2020\\\/02\\\/Nature-Soleil-5d66366b.jpg?fit=1920%2C1200&ssl=1\",\"width\":1920,\"height\":1200,\"caption\":\"Au souffle de lumi\u00e8re\"},\"image\":{\"@id\":\"https:\\\/\\\/www.au-souffle-de-lumiere.be\\\/#\\\/schema\\\/logo\\\/image\\\/\"}}]}<\/script>\n<!-- \/ Yoast SEO plugin. -->","yoast_head_json":{"title":"Guidance d'\u00e2me - Au Souffle De Lumi\u00e8re","robots":{"index":"index","follow":"follow","max-snippet":"max-snippet:-1","max-image-preview":"max-image-preview:large","max-video-preview":"max-video-preview:-1"},"canonical":"https:\/\/www.au-souffle-de-lumiere.be\/index.php\/guidance-dame\/","og_locale":"fr_FR","og_type":"article","og_title":"Guidance d'\u00e2me - Au Souffle De Lumi\u00e8re","og_description":"Comment tout a commenc\u00e9, Durant les soins \u00e9nerg\u00e9tiques que mes guides et moi donnions, nous avons \u00e9t\u00e9 appel\u00e9s plusieurs fois \u00e0 nous connecter \u00e0 l\u2019\u00e2me de la personne pour la guider, la rassurer, l\u2019\u00e9nergiser et parfois la soigner. Apr\u00e8s cela, nous donnons certaines cl\u00e9s \u00e0 la personne et elle voit sa vie radicalement chang\u00e9e. Aujourd\u2019hui &hellip; Continuer la lecture de Guidance d&rsquo;\u00e2me &rarr;","og_url":"https:\/\/www.au-souffle-de-lumiere.be\/index.php\/guidance-dame\/","og_site_name":"Au Souffle De Lumi\u00e8re","article_modified_time":"2021-07-12T11:59:27+00:00","og_image":[{"url":"https:\/\/www.au-souffle-de-lumiere.be\/wp-content\/uploads\/2021\/05\/wp-1455095674055.jpeg","type":"","width":"","height":""}],"twitter_card":"summary_large_image","twitter_misc":{"Dur\u00e9e de lecture estim\u00e9e":"2 minutes"},"schema":{"@context":"https:\/\/schema.org","@graph":[{"@type":"WebPage","@id":"https:\/\/www.au-souffle-de-lumiere.be\/index.php\/guidance-dame\/","url":"https:\/\/www.au-souffle-de-lumiere.be\/index.php\/guidance-dame\/","name":"Guidance d'\u00e2me - Au Souffle De Lumi\u00e8re","isPartOf":{"@id":"https:\/\/www.au-souffle-de-lumiere.be\/#website"},"primaryImageOfPage":{"@id":"https:\/\/www.au-souffle-de-lumiere.be\/index.php\/guidance-dame\/#primaryimage"},"image":{"@id":"https:\/\/www.au-souffle-de-lumiere.be\/index.php\/guidance-dame\/#primaryimage"},"thumbnailUrl":"https:\/\/www.au-souffle-de-lumiere.be\/wp-content\/uploads\/2021\/05\/wp-1455095674055.jpeg","datePublished":"2021-05-10T14:45:45+00:00","dateModified":"2021-07-12T11:59:27+00:00","breadcrumb":{"@id":"https:\/\/www.au-souffle-de-lumiere.be\/index.php\/guidance-dame\/#breadcrumb"},"inLanguage":"fr-FR","potentialAction":[{"@type":"ReadAction","target":["https:\/\/www.au-souffle-de-lumiere.be\/index.php\/guidance-dame\/"]}]},{"@type":"ImageObject","inLanguage":"fr-FR","@id":"https:\/\/www.au-souffle-de-lumiere.be\/index.php\/guidance-dame\/#primaryimage","url":"https:\/\/i0.wp.com\/www.au-souffle-de-lumiere.be\/wp-content\/uploads\/2021\/05\/wp-1455095674055.jpeg?fit=720%2C935&ssl=1","contentUrl":"https:\/\/i0.wp.com\/www.au-souffle-de-lumiere.be\/wp-content\/uploads\/2021\/05\/wp-1455095674055.jpeg?fit=720%2C935&ssl=1","width":720,"height":935},{"@type":"BreadcrumbList","@id":"https:\/\/www.au-souffle-de-lumiere.be\/index.php\/guidance-dame\/#breadcrumb","itemListElement":[{"@type":"ListItem","position":1,"name":"Accueil","item":"https:\/\/www.au-souffle-de-lumiere.be\/"},{"@type":"ListItem","position":2,"name":"Guidance d&rsquo;\u00e2me"}]},{"@type":"WebSite","@id":"https:\/\/www.au-souffle-de-lumiere.be\/#website","url":"https:\/\/www.au-souffle-de-lumiere.be\/","name":"Au Souffle De Lumi\u00e8re","description":"Hypnose-Soin \u00e9nerg\u00e9tique","publisher":{"@id":"https:\/\/www.au-souffle-de-lumiere.be\/#organization"},"potentialAction":[{"@type":"SearchAction","target":{"@type":"EntryPoint","urlTemplate":"https:\/\/www.au-souffle-de-lumiere.be\/?s={search_term_string}"},"query-input":{"@type":"PropertyValueSpecification","valueRequired":true,"valueName":"search_term_string"}}],"inLanguage":"fr-FR"},{"@type":"Organization","@id":"https:\/\/www.au-souffle-de-lumiere.be\/#organization","name":"Au souffle de lumi\u00e8re","url":"https:\/\/www.au-souffle-de-lumiere.be\/","logo":{"@type":"ImageObject","inLanguage":"fr-FR","@id":"https:\/\/www.au-souffle-de-lumiere.be\/#\/schema\/logo\/image\/","url":"https:\/\/i2.wp.com\/www.au-souffle-de-lumiere.be\/wp-content\/uploads\/2020\/02\/Nature-Soleil-5d66366b.jpg?fit=1920%2C1200&ssl=1","contentUrl":"https:\/\/i2.wp.com\/www.au-souffle-de-lumiere.be\/wp-content\/uploads\/2020\/02\/Nature-Soleil-5d66366b.jpg?fit=1920%2C1200&ssl=1","width":1920,"height":1200,"caption":"Au souffle de lumi\u00e8re"},"image":{"@id":"https:\/\/www.au-souffle-de-lumiere.be\/#\/schema\/logo\/image\/"}}]}},"jetpack_sharing_enabled":true,"_links":{"self":[{"href":"https:\/\/www.au-souffle-de-lumiere.be\/index.php\/wp-json\/wp\/v2\/pages\/1475","targetHints":{"allow":["GET"]}}],"collection":[{"href":"https:\/\/www.au-souffle-de-lumiere.be\/index.php\/wp-json\/wp\/v2\/pages"}],"about":[{"href":"https:\/\/www.au-souffle-de-lumiere.be\/index.php\/wp-json\/wp\/v2\/types\/page"}],"author":[{"embeddable":true,"href":"https:\/\/www.au-souffle-de-lumiere.be\/index.php\/wp-json\/wp\/v2\/users\/1"}],"replies":[{"embeddable":true,"href":"https:\/\/www.au-souffle-de-lumiere.be\/index.php\/wp-json\/wp\/v2\/comments?post=1475"}],"version-history":[{"count":0,"href":"https:\/\/www.au-souffle-de-lumiere.be\/index.php\/wp-json\/wp\/v2\/pages\/1475\/revisions"}],"wp:attachment":[{"href":"https:\/\/www.au-souffle-de-lumiere.be\/index.php\/wp-json\/wp\/v2\/media?parent=1475"}],"curies":[{"name":"wp","href":"https:\/\/api.w.org\/{rel}","templated":true}]}}