{"id":187,"date":"2020-03-04T10:52:46","date_gmt":"2020-03-04T09:52:46","guid":{"rendered":"http:\/\/xn--au-souffle-de-lumire-61b.be\/?page_id=187"},"modified":"2020-04-16T18:56:26","modified_gmt":"2020-04-16T16:56:26","slug":"somato-emotionelle","status":"publish","type":"page","link":"https:\/\/www.au-souffle-de-lumiere.be\/index.php\/somato-emotionelle\/","title":{"rendered":"Somato \u00e9motionelle"},"content":{"rendered":"\n<figure class=\"wp-block-image size-large\"><img data-recalc-dims=\"1\" loading=\"lazy\" decoding=\"async\" width=\"604\" height=\"403\" src=\"https:\/\/i0.wp.com\/xn--au-souffle-de-lumire-61b.be\/wp-content\/uploads\/2020\/03\/%C3%A9veil-spirituel.jpg?resize=604%2C403\" alt=\"\" class=\"wp-image-310\" srcset=\"https:\/\/i0.wp.com\/www.au-souffle-de-lumiere.be\/wp-content\/uploads\/2020\/03\/%C3%A9veil-spirituel.jpg?w=1000&amp;ssl=1 1000w, https:\/\/i0.wp.com\/www.au-souffle-de-lumiere.be\/wp-content\/uploads\/2020\/03\/%C3%A9veil-spirituel.jpg?resize=300%2C200&amp;ssl=1 300w, https:\/\/i0.wp.com\/www.au-souffle-de-lumiere.be\/wp-content\/uploads\/2020\/03\/%C3%A9veil-spirituel.jpg?resize=768%2C512&amp;ssl=1 768w\" sizes=\"auto, (max-width: 604px) 100vw, 604px\" \/><\/figure>\n\n\n\n<p><\/p>\n\n\n\n<p style=\"font-size:18px\" class=\"has-text-color has-very-dark-gray-color\"><em>L\u2019hypnoth\u00e9rapie somato-\u00e9motionnelle est une technique th\u00e9rapeutique douce d\u00e9velopp\u00e9e par le Dr John Upledger, p\u00e8re de la Th\u00e9rapie Cranio-Sacr\u00e9e, et con\u00e7ue pour aider le corps \u00e0 se lib\u00e9rer des tensions et des blocages r\u00e9siduels des traumatismes physiques et \u00e9motionnels.<\/em><\/p>\n\n\n\n<p style=\"font-size:18px\" class=\"has-text-color has-very-dark-gray-color\"><em>Li\u00e9e \u00e0 l&rsquo;\u00e9tat hypnotique, elle se r\u00e9v\u00e8le d&rsquo;une grande efficacit\u00e9 en permettant \u00e0 la sagesse int\u00e9rieure de l&rsquo;\u00eatre de se manifester et de se trouver ses propres solutions de gu\u00e9rison. Quand le corps parle : douleurs, raideurs, blocages, probl\u00e8mes fonctionnels (digestifs, migraines&#8230;), traumatismes, et que l&rsquo;on sent que c&rsquo;est reli\u00e9 \u00e0 quelque chose de plus profond.<\/em><\/p>\n\n\n\n<p style=\"font-size:28px\" class=\"has-text-color has-very-dark-gray-color\"><strong><em>Quand a-t-on recourt<\/em><\/strong> <\/p>\n\n\n\n<p style=\"font-size:18px\" class=\"has-text-color has-very-dark-gray-color\"><em>Quand le corps se tait : on se sent \u00e0 l&rsquo;\u00e9troit, serr\u00e9, avec l&rsquo;impression d&rsquo;\u00eatre coup\u00e9 de ses sensations, de ses besoins, avec une partie du corps ou l&rsquo;enti\u00e8ret\u00e9 du corps comme \u00e9trang\u00e8re.<\/em><\/p>\n\n\n\n<p style=\"font-size:18px\" class=\"has-text-color has-very-dark-gray-color\">Quand le v\u00e9cu est difficile : conflits, communication\ndifficile, questions d&rsquo;orientation, difficult\u00e9 \u00e0 vivre avec soi-m\u00eame,\nl&rsquo;impression de tourner en rond, d&rsquo;\u00eatre prisonnier, peurs, culpabilit\u00e9s,\nobstacles r\u00e9currents, probl\u00e8mes de territoire et de limites, sentiment\nd&rsquo;impuissance, d\u00e9motivation&#8230;<br>\nQuand on n&rsquo;a pas les mots ou plus les souvenirs mais que quelque chose nous\ng\u00eane.<\/p>\n","protected":false},"excerpt":{"rendered":"<p>L\u2019hypnoth\u00e9rapie somato-\u00e9motionnelle est une technique th\u00e9rapeutique douce d\u00e9velopp\u00e9e par le Dr John Upledger, p\u00e8re de la Th\u00e9rapie Cranio-Sacr\u00e9e, et con\u00e7ue pour aider le corps \u00e0 se lib\u00e9rer des tensions et des blocages r\u00e9siduels des traumatismes physiques et \u00e9motionnels. Li\u00e9e \u00e0 l&rsquo;\u00e9tat hypnotique, elle se r\u00e9v\u00e8le d&rsquo;une grande efficacit\u00e9 en permettant \u00e0 la sagesse int\u00e9rieure de &hellip; <a href=\"https:\/\/www.au-souffle-de-lumiere.be\/index.php\/somato-emotionelle\/\" class=\"more-link\">Continuer la lecture de <span class=\"screen-reader-text\">Somato \u00e9motionelle<\/span> <span class=\"meta-nav\">&rarr;<\/span><\/a><\/p>\n","protected":false},"author":1,"featured_media":0,"parent":0,"menu_order":0,"comment_status":"closed","ping_status":"closed","template":"","meta":{"footnotes":""},"class_list":["post-187","page","type-page","status-publish","hentry"],"yoast_head":"<!-- This site is optimized with the Yoast SEO plugin v27.5 - https:\/\/yoast.com\/product\/yoast-seo-wordpress\/ -->\n<title>Somato \u00e9motionelle - Au Souffle De Lumi\u00e8re<\/title>\n<meta name=\"robots\" content=\"index, follow, max-snippet:-1, max-image-preview:large, max-video-preview:-1\" \/>\n<link rel=\"canonical\" href=\"https:\/\/www.au-souffle-de-lumiere.be\/index.php\/somato-emotionelle\/\" \/>\n<meta property=\"og:locale\" content=\"fr_FR\" \/>\n<meta property=\"og:type\" content=\"article\" \/>\n<meta property=\"og:title\" content=\"Somato \u00e9motionelle - Au Souffle De Lumi\u00e8re\" \/>\n<meta property=\"og:description\" content=\"L\u2019hypnoth\u00e9rapie somato-\u00e9motionnelle est une technique th\u00e9rapeutique douce d\u00e9velopp\u00e9e par le Dr John Upledger, p\u00e8re de la Th\u00e9rapie Cranio-Sacr\u00e9e, et con\u00e7ue pour aider le corps \u00e0 se lib\u00e9rer des tensions et des blocages r\u00e9siduels des traumatismes physiques et \u00e9motionnels. Li\u00e9e \u00e0 l&rsquo;\u00e9tat hypnotique, elle se r\u00e9v\u00e8le d&rsquo;une grande efficacit\u00e9 en permettant \u00e0 la sagesse int\u00e9rieure de &hellip; Continuer la lecture de Somato \u00e9motionelle &rarr;\" \/>\n<meta property=\"og:url\" content=\"https:\/\/www.au-souffle-de-lumiere.be\/index.php\/somato-emotionelle\/\" \/>\n<meta property=\"og:site_name\" content=\"Au Souffle De Lumi\u00e8re\" \/>\n<meta property=\"article:modified_time\" content=\"2020-04-16T16:56:26+00:00\" \/>\n<meta property=\"og:image\" content=\"http:\/\/xn--au-souffle-de-lumire-61b.be\/wp-content\/uploads\/2020\/03\/\u00e9veil-spirituel.jpg\" \/>\n<meta name=\"twitter:card\" content=\"summary_large_image\" \/>\n<meta name=\"twitter:label1\" content=\"Dur\u00e9e de lecture estim\u00e9e\" \/>\n\t<meta name=\"twitter:data1\" content=\"1 minute\" \/>\n<script type=\"application\/ld+json\" class=\"yoast-schema-graph\">{\"@context\":\"https:\\\/\\\/schema.org\",\"@graph\":[{\"@type\":\"WebPage\",\"@id\":\"https:\\\/\\\/www.au-souffle-de-lumiere.be\\\/index.php\\\/somato-emotionelle\\\/\",\"url\":\"https:\\\/\\\/www.au-souffle-de-lumiere.be\\\/index.php\\\/somato-emotionelle\\\/\",\"name\":\"Somato \u00e9motionelle - Au Souffle De Lumi\u00e8re\",\"isPartOf\":{\"@id\":\"https:\\\/\\\/www.au-souffle-de-lumiere.be\\\/#website\"},\"datePublished\":\"2020-03-04T09:52:46+00:00\",\"dateModified\":\"2020-04-16T16:56:26+00:00\",\"breadcrumb\":{\"@id\":\"https:\\\/\\\/www.au-souffle-de-lumiere.be\\\/index.php\\\/somato-emotionelle\\\/#breadcrumb\"},\"inLanguage\":\"fr-FR\",\"potentialAction\":[{\"@type\":\"ReadAction\",\"target\":[\"https:\\\/\\\/www.au-souffle-de-lumiere.be\\\/index.php\\\/somato-emotionelle\\\/\"]}]},{\"@type\":\"BreadcrumbList\",\"@id\":\"https:\\\/\\\/www.au-souffle-de-lumiere.be\\\/index.php\\\/somato-emotionelle\\\/#breadcrumb\",\"itemListElement\":[{\"@type\":\"ListItem\",\"position\":1,\"name\":\"Accueil\",\"item\":\"https:\\\/\\\/www.au-souffle-de-lumiere.be\\\/\"},{\"@type\":\"ListItem\",\"position\":2,\"name\":\"Somato \u00e9motionelle\"}]},{\"@type\":\"WebSite\",\"@id\":\"https:\\\/\\\/www.au-souffle-de-lumiere.be\\\/#website\",\"url\":\"https:\\\/\\\/www.au-souffle-de-lumiere.be\\\/\",\"name\":\"Au Souffle De Lumi\u00e8re\",\"description\":\"Hypnose-Soin \u00e9nerg\u00e9tique\",\"publisher\":{\"@id\":\"https:\\\/\\\/www.au-souffle-de-lumiere.be\\\/#organization\"},\"potentialAction\":[{\"@type\":\"SearchAction\",\"target\":{\"@type\":\"EntryPoint\",\"urlTemplate\":\"https:\\\/\\\/www.au-souffle-de-lumiere.be\\\/?s={search_term_string}\"},\"query-input\":{\"@type\":\"PropertyValueSpecification\",\"valueRequired\":true,\"valueName\":\"search_term_string\"}}],\"inLanguage\":\"fr-FR\"},{\"@type\":\"Organization\",\"@id\":\"https:\\\/\\\/www.au-souffle-de-lumiere.be\\\/#organization\",\"name\":\"Au souffle de lumi\u00e8re\",\"url\":\"https:\\\/\\\/www.au-souffle-de-lumiere.be\\\/\",\"logo\":{\"@type\":\"ImageObject\",\"inLanguage\":\"fr-FR\",\"@id\":\"https:\\\/\\\/www.au-souffle-de-lumiere.be\\\/#\\\/schema\\\/logo\\\/image\\\/\",\"url\":\"https:\\\/\\\/i2.wp.com\\\/www.au-souffle-de-lumiere.be\\\/wp-content\\\/uploads\\\/2020\\\/02\\\/Nature-Soleil-5d66366b.jpg?fit=1920%2C1200&ssl=1\",\"contentUrl\":\"https:\\\/\\\/i2.wp.com\\\/www.au-souffle-de-lumiere.be\\\/wp-content\\\/uploads\\\/2020\\\/02\\\/Nature-Soleil-5d66366b.jpg?fit=1920%2C1200&ssl=1\",\"width\":1920,\"height\":1200,\"caption\":\"Au souffle de lumi\u00e8re\"},\"image\":{\"@id\":\"https:\\\/\\\/www.au-souffle-de-lumiere.be\\\/#\\\/schema\\\/logo\\\/image\\\/\"}}]}<\/script>\n<!-- \/ Yoast SEO plugin. -->","yoast_head_json":{"title":"Somato \u00e9motionelle - Au Souffle De Lumi\u00e8re","robots":{"index":"index","follow":"follow","max-snippet":"max-snippet:-1","max-image-preview":"max-image-preview:large","max-video-preview":"max-video-preview:-1"},"canonical":"https:\/\/www.au-souffle-de-lumiere.be\/index.php\/somato-emotionelle\/","og_locale":"fr_FR","og_type":"article","og_title":"Somato \u00e9motionelle - Au Souffle De Lumi\u00e8re","og_description":"L\u2019hypnoth\u00e9rapie somato-\u00e9motionnelle est une technique th\u00e9rapeutique douce d\u00e9velopp\u00e9e par le Dr John Upledger, p\u00e8re de la Th\u00e9rapie Cranio-Sacr\u00e9e, et con\u00e7ue pour aider le corps \u00e0 se lib\u00e9rer des tensions et des blocages r\u00e9siduels des traumatismes physiques et \u00e9motionnels. Li\u00e9e \u00e0 l&rsquo;\u00e9tat hypnotique, elle se r\u00e9v\u00e8le d&rsquo;une grande efficacit\u00e9 en permettant \u00e0 la sagesse int\u00e9rieure de &hellip; Continuer la lecture de Somato \u00e9motionelle &rarr;","og_url":"https:\/\/www.au-souffle-de-lumiere.be\/index.php\/somato-emotionelle\/","og_site_name":"Au Souffle De Lumi\u00e8re","article_modified_time":"2020-04-16T16:56:26+00:00","og_image":[{"url":"http:\/\/xn--au-souffle-de-lumire-61b.be\/wp-content\/uploads\/2020\/03\/\u00e9veil-spirituel.jpg","type":"","width":"","height":""}],"twitter_card":"summary_large_image","twitter_misc":{"Dur\u00e9e de lecture estim\u00e9e":"1 minute"},"schema":{"@context":"https:\/\/schema.org","@graph":[{"@type":"WebPage","@id":"https:\/\/www.au-souffle-de-lumiere.be\/index.php\/somato-emotionelle\/","url":"https:\/\/www.au-souffle-de-lumiere.be\/index.php\/somato-emotionelle\/","name":"Somato \u00e9motionelle - Au Souffle De Lumi\u00e8re","isPartOf":{"@id":"https:\/\/www.au-souffle-de-lumiere.be\/#website"},"datePublished":"2020-03-04T09:52:46+00:00","dateModified":"2020-04-16T16:56:26+00:00","breadcrumb":{"@id":"https:\/\/www.au-souffle-de-lumiere.be\/index.php\/somato-emotionelle\/#breadcrumb"},"inLanguage":"fr-FR","potentialAction":[{"@type":"ReadAction","target":["https:\/\/www.au-souffle-de-lumiere.be\/index.php\/somato-emotionelle\/"]}]},{"@type":"BreadcrumbList","@id":"https:\/\/www.au-souffle-de-lumiere.be\/index.php\/somato-emotionelle\/#breadcrumb","itemListElement":[{"@type":"ListItem","position":1,"name":"Accueil","item":"https:\/\/www.au-souffle-de-lumiere.be\/"},{"@type":"ListItem","position":2,"name":"Somato \u00e9motionelle"}]},{"@type":"WebSite","@id":"https:\/\/www.au-souffle-de-lumiere.be\/#website","url":"https:\/\/www.au-souffle-de-lumiere.be\/","name":"Au Souffle De Lumi\u00e8re","description":"Hypnose-Soin \u00e9nerg\u00e9tique","publisher":{"@id":"https:\/\/www.au-souffle-de-lumiere.be\/#organization"},"potentialAction":[{"@type":"SearchAction","target":{"@type":"EntryPoint","urlTemplate":"https:\/\/www.au-souffle-de-lumiere.be\/?s={search_term_string}"},"query-input":{"@type":"PropertyValueSpecification","valueRequired":true,"valueName":"search_term_string"}}],"inLanguage":"fr-FR"},{"@type":"Organization","@id":"https:\/\/www.au-souffle-de-lumiere.be\/#organization","name":"Au souffle de lumi\u00e8re","url":"https:\/\/www.au-souffle-de-lumiere.be\/","logo":{"@type":"ImageObject","inLanguage":"fr-FR","@id":"https:\/\/www.au-souffle-de-lumiere.be\/#\/schema\/logo\/image\/","url":"https:\/\/i2.wp.com\/www.au-souffle-de-lumiere.be\/wp-content\/uploads\/2020\/02\/Nature-Soleil-5d66366b.jpg?fit=1920%2C1200&ssl=1","contentUrl":"https:\/\/i2.wp.com\/www.au-souffle-de-lumiere.be\/wp-content\/uploads\/2020\/02\/Nature-Soleil-5d66366b.jpg?fit=1920%2C1200&ssl=1","width":1920,"height":1200,"caption":"Au souffle de lumi\u00e8re"},"image":{"@id":"https:\/\/www.au-souffle-de-lumiere.be\/#\/schema\/logo\/image\/"}}]}},"jetpack_sharing_enabled":true,"_links":{"self":[{"href":"https:\/\/www.au-souffle-de-lumiere.be\/index.php\/wp-json\/wp\/v2\/pages\/187","targetHints":{"allow":["GET"]}}],"collection":[{"href":"https:\/\/www.au-souffle-de-lumiere.be\/index.php\/wp-json\/wp\/v2\/pages"}],"about":[{"href":"https:\/\/www.au-souffle-de-lumiere.be\/index.php\/wp-json\/wp\/v2\/types\/page"}],"author":[{"embeddable":true,"href":"https:\/\/www.au-souffle-de-lumiere.be\/index.php\/wp-json\/wp\/v2\/users\/1"}],"replies":[{"embeddable":true,"href":"https:\/\/www.au-souffle-de-lumiere.be\/index.php\/wp-json\/wp\/v2\/comments?post=187"}],"version-history":[{"count":0,"href":"https:\/\/www.au-souffle-de-lumiere.be\/index.php\/wp-json\/wp\/v2\/pages\/187\/revisions"}],"wp:attachment":[{"href":"https:\/\/www.au-souffle-de-lumiere.be\/index.php\/wp-json\/wp\/v2\/media?parent=187"}],"curies":[{"name":"wp","href":"https:\/\/api.w.org\/{rel}","templated":true}]}}