{"id":1895,"date":"2021-11-19T15:42:26","date_gmt":"2021-11-19T14:42:26","guid":{"rendered":"https:\/\/www.au-souffle-de-lumiere.be\/?page_id=1895"},"modified":"2021-11-24T10:40:14","modified_gmt":"2021-11-24T09:40:14","slug":"le-karma","status":"publish","type":"page","link":"https:\/\/www.au-souffle-de-lumiere.be\/index.php\/le-karma\/","title":{"rendered":"Le karma"},"content":{"rendered":"\n<figure class=\"wp-block-image size-full\"><img data-recalc-dims=\"1\" loading=\"lazy\" decoding=\"async\" width=\"561\" height=\"434\" src=\"https:\/\/i0.wp.com\/www.au-souffle-de-lumiere.be\/wp-content\/uploads\/2021\/11\/ob_190638_articleimagehandler-ashx-3.jpeg?resize=561%2C434&#038;ssl=1\" alt=\"\" class=\"wp-image-1924\" srcset=\"https:\/\/i0.wp.com\/www.au-souffle-de-lumiere.be\/wp-content\/uploads\/2021\/11\/ob_190638_articleimagehandler-ashx-3.jpeg?w=561&amp;ssl=1 561w, https:\/\/i0.wp.com\/www.au-souffle-de-lumiere.be\/wp-content\/uploads\/2021\/11\/ob_190638_articleimagehandler-ashx-3.jpeg?resize=300%2C232&amp;ssl=1 300w\" sizes=\"auto, (max-width: 561px) 100vw, 561px\" \/><\/figure>\n\n\n\n<p class=\"has-black-color has-text-color\" style=\"font-size:18px\"><em>Le Karma est la loi de cause \u00e0 effet qui permet aux exp\u00e9rimentateurs que nous sommes de prendre conscience de la nature r\u00e9elle de chaque acte et d&rsquo;apprendre. Le karma a une nature \u00e9nerg\u00e9tique, m\u00e9canique et automatique. Il est simple \u00e0 comprendre et bien que non- immuable, son principe r\u00e9pond \u00e0 certains automatismes.<\/em> <em>Nous travaillons au Souffle De Lumi\u00e8re sur le Karma ant\u00e9rieur, car nous savons qu&rsquo;il influence nos vies dans le pr\u00e9sent.\u00a0Nous emmenons le consultant \u00e0 la cause du probl\u00e8me avec une technique de modification de conscience.\u00a0Nous le faisions revivre cette vie et puis nous entamons le processus de pardon.\u00a0Ainsi le consultant paye sa dette et on peut le dissoudre, de cette mani\u00e8re, il n&rsquo;y a que des b\u00e9n\u00e9fices positifs pour lui, sa famille, m\u00eame pour ses anc\u00eatres.<\/em><\/p>\n\n\n\n<p class=\"has-black-color has-text-color\" style=\"font-size:22px\"><em><strong>Principe m\u00e9caniques et \u00e9nerg\u00e9tiques du karma<\/strong><\/em><\/p>\n\n\n\n<p class=\"has-black-color has-text-color\" style=\"font-size:18px\"><em>Chaque pens\u00e9e, parole et action g\u00e9n\u00e8re un karma. Ce karma entra\u00eenera un effet retour similaire ou \u00e9quivalent, c&rsquo;est \u00e0 dire que nous vivrons les m\u00eames situations ou leur \u00e9quivalent en sens inverse. Ainsi chaque fois que l&rsquo;on offre un mot doux, quelques temps apr\u00e8s, l&rsquo;on en re\u00e7oit un. Chaque fois que l&rsquo;on ment, quelques temps apr\u00e8s, on nous ment.<\/em> <em>La loi karmique est en v\u00e9rit\u00e9 tr\u00e8s simple. <\/em> <em>Le karma peut se r\u00e9gler sur une heure, une journ\u00e9e, une vie, dix vies. Ils n&rsquo;y a pas de r\u00e8gles strictes.<\/em> <em>D&rsquo;un point de vue \u00e9nerg\u00e9tique, le karma est une charge d&rsquo;\u00e9nergie qui vient se coller dans l&rsquo;un des corps subtils et agit \u00e0 la mani\u00e8re d&rsquo;un aimant. La vibration de cette charge attire un \u00e9l\u00e9ment similaire mais suivant un p\u00f4le invers\u00e9, c&rsquo;est \u00e0 dire la m\u00eame exp\u00e9rience mais re\u00e7ue de l&rsquo;ext\u00e9rieur. <\/em> <em>Il est \u00e0 noter, et c&rsquo;est important, que le karma est toujours une dette. L&rsquo;on n&rsquo;est pas \u00ab d\u00e9biteur \u00bb. L&rsquo;on entend parfois des gens dire \u00ab on m&rsquo;a fait beaucoup de mal depuis que je suis petit alors que je n&rsquo;en ai pas beaucoup fait, j&rsquo;ai du karma d&rsquo;avance, je peux bien faire un peu de mal de temps en temps.<\/em> <em>C&rsquo;est une grave erreur.<\/em><\/p>\n\n\n\n<p class=\"has-black-color has-text-color\" style=\"font-size:22px\"><strong><em>Trouble associ\u00e9s a des karmas lourds non r\u00e9gl\u00e9s<\/em><\/strong><\/p>\n\n\n\n<p class=\"has-black-color has-text-color\" style=\"font-size:18px\"><em>Chaque karma entra\u00eene donc une dette karmique, qu&rsquo;elle soit positive (ou agr\u00e9able) ou non (le karma n&rsquo;est pas un jugement, c&rsquo;est une loi m\u00e9canique d&rsquo;apprentissage). Certains karmas sont tr\u00e8s anciens et tr\u00e8s charg\u00e9s, c&rsquo;est \u00e0 dire qu&rsquo;une m\u00eame probl\u00e9matique (le sentiment d&rsquo;abandon par exemple), a pu se constituer sur une voire plusieurs vies enti\u00e8res, soit des dizaines d\u2019\u00e9v\u00e9nements similaires. Ces karmas cons\u00e9quents seront report\u00e9s de vie en vie et tant que l&rsquo;on n\u2019aura pas r\u00e9solu la promesse ou le sentiment ou la pens\u00e9e \u00e0 l&rsquo;origine du blocage karmique, l&rsquo;on se retrouvera prisonnier d&rsquo;un m\u00e9canisme puissant.<\/em><\/p>\n\n\n\n<p class=\"has-black-color has-text-color\" style=\"font-size:22px\"><em><strong>Principes&nbsp;de&nbsp;r\u00e9solution&nbsp;du&nbsp;karma :&nbsp;Plein pardon, pleine compr\u00e9hension<\/strong><\/em><\/p>\n\n\n\n<p class=\"has-black-color has-text-color\" style=\"font-size:18px\"><em>Un karma est donc une charge, au pr\u00e9sent, dans le corps \u00e9nerg\u00e9tique. Il est \u00e0 noter \u00e0 ce niveau de notre expos\u00e9 que le temps n&rsquo;a pas d&rsquo;existence lin\u00e9aire r\u00e9elle du point de vue de la conscience. Les Guides pr\u00e9sentent le temps comme \u00ab un d\u00e9placement dans une pile de post-it \u00bb o\u00f9 chaque feuillet serait un instant. Le temps n&rsquo;\u00e9tant pas lin\u00e9aire, il conviendrait de voir les causalit\u00e9s sur un plan d&rsquo;imm\u00e9diatet\u00e9, tout comme l&rsquo;ensemble des composants d&rsquo;un circuit \u00e9lectronique forment un r\u00e9sultat, au pr\u00e9sent. Travailler sur un des karmas, directement dans notre sph\u00e8re d&rsquo;\u00e9nergie \u00ab au pr\u00e9sent \u00bb ou dans une vie ant\u00e9rieure revisit\u00e9e \u00ab au pass\u00e9 \u00bb revient \u00e0 changer un des composants \u00e9lectroniques du circuit au pr\u00e9sent et donc le r\u00e9sultat du circuit. D&rsquo;un point de vue m\u00e9taphysique, presque insaisissable pour notre raison terrienne, toutes nos incarnations se d\u00e9roulent en m\u00eame temps, ici et maintenant et pourtant, l&rsquo;\u00e2me connait un processus d&rsquo;apprentissage. Ces donn\u00e9es brutes sont tr\u00e8s perturbantes pour notre esprit lin\u00e9aire. Revenons \u00e0 notre affirmation : Un karma est une charge \u00e9nerg\u00e9tique, au pr\u00e9sent, une empreinte vibratoire qui vient attirer \u00e0 elle la situation \u00e9quivalente \u00e0 celle qui l&rsquo;a provoqu\u00e9e. Seule une exp\u00e9rience qui aura \u00e9t\u00e9 comprise et int\u00e9gr\u00e9e pourra entra\u00eener la lib\u00e9ration d&rsquo;un karma car, rappelons le, le karma est une loi d&rsquo;apprentissage. Il existe deux grandes mani\u00e8res d&rsquo;\u00e9purer du karma.<\/em><\/p>\n\n\n\n<p class=\"has-black-color has-text-color\" style=\"font-size:22px\"><strong><em>La mani\u00e8re naturelle et automatique qui consiste \u00e0 payer sa dette karmique<\/em><\/strong>:<\/p>\n\n\n\n<p class=\"has-black-color has-text-color\" style=\"font-size:18px\"> <em>C&rsquo;est \u00e0 dire \u00e0 vivre l\u2019\u00e9v\u00e9nement retour et \u00e0 comprendre intimement la port\u00e9e de notre acte. <\/em><\/p>\n\n\n\n<p class=\"has-black-color has-text-color\" style=\"font-size:22px\"><em><strong>La dissolution volontaire par anticipation <\/strong>: <\/em><\/p>\n\n\n\n<p class=\"has-black-color has-text-color\" style=\"font-size:18px\"><em>Il s&rsquo;agit d&rsquo;aller comprendre de mani\u00e8re volontaire un karma pour ensuite le dissoudre ou le modifier. Il existe plusieurs m\u00e9thodes et approches de cette dissolution volontaire et leur point commun est la compr\u00e9hension et le pardon. \u00ab la loi du pardon \u00bb est une loi sup\u00e9rieure \u00e0 la \u00ab loi du karma \u00bb, un principe qui veut que tout acte compris et dont on a fait un repentir sinc\u00e8re (dont on s&rsquo;est attribu\u00e9 la responsabilit\u00e9) peut ne plus \u00eatre soumis \u00e0 l&rsquo;exp\u00e9rience retour (car l&rsquo;apprentissage est d\u00e9j\u00e0 int\u00e9gr\u00e9). On notera, de mani\u00e8re non-exhaustives, les m\u00e9thodes suivantes pour dissoudre volontairement un karma.<\/em> <em>L&rsquo;hypnose spirituelle, o\u00f9 l&rsquo;on va revivre les \u00e9v\u00e9nements karmiques originaux, comprendre avec le recul la port\u00e9e de nos actes, n\u00e9gocier un pardon avec nous-m\u00eame et les \u00e2mes concern\u00e9es. Ce pardon n\u00e9goci\u00e9 et la compr\u00e9hension vont permettre la lib\u00e9ration de ce karma.<\/em> <em>L&rsquo;introspection et la transmutation : Par un regard attentif \u00e0 nos sentiments et sur nous-m\u00eame, nous pouvons sentir les implications de chacun de nos actes. La compr\u00e9hension intime d&rsquo;un acte que nous venons de poser et un repentir sinc\u00e8re lib\u00e8rent la potentialit\u00e9 de transmutation du karma fra\u00eechement (ou non) cr\u00e9\u00e9. Une simple intention suffit alors, par des m\u00e9thodes \u00e9nerg\u00e9tiques ou autres.<\/em> <em>L&rsquo;\u00e9veil, la r\u00e9alisation. En conscience permanente de notre v\u00e9ritable Soi, c&rsquo;est \u00e0 dire dans une compr\u00e9hension pure de l&rsquo;exp\u00e9rience en-elle m\u00eame par un regard non fauss\u00e9 par le mental, le karma s&rsquo;\u00e9pure de lui-m\u00eame en quelque mois (puisqu&rsquo;une compr\u00e9hension de chaque ph\u00e9nom\u00e8ne ou pens\u00e9e est alors accessible).<\/em><\/p>\n\n\n\n<p class=\"has-black-color has-text-color\" style=\"font-size:22px\"><strong><em>Changer le karma<\/em><\/strong><\/p>\n\n\n\n<p class=\"has-black-color has-text-color\" style=\"font-size:18px\"><em>Certaines pratiques, en hypnose spirituelle, que nous ne validons pas ici, consistent \u00e0 remonter dans une vie \u00e0 l&rsquo;origine d&rsquo;une s\u00e9quence karmique et \u00e0 changer le sc\u00e9nario de la vie en question. Si l&rsquo;efficacit\u00e9 d&rsquo;un changement de karma par cette m\u00e9thode ne fait aucun doute, le risque est la cr\u00e9ation de nouveaux karmas en cha\u00eene (on ne dissout pas, on modifie) dont les cons\u00e9quences sont difficilement pr\u00e9visibles. Nous \u00e9viterons en ce qui nous concerne ce genre de protocoles et modifications et pr\u00e9f\u00e9rerons un travail de pardon et de dissolution qui permettra de la m\u00eame mani\u00e8re une lib\u00e9ration dans la vie actuelle sans cons\u00e9quences incontr\u00f4l\u00e9es. Dans ce tableau de l&rsquo;\u00e9ternel pr\u00e9sent, le karma est une notion simple et complexe en m\u00eame temps et il s&rsquo;agit de l&rsquo;aborder avec pr\u00e9cautions, en travaillant de mani\u00e8re non-intrusive, avec d\u00e9licatesse et intelligence. Comprendre (sentir, conna\u00eetre, reconna\u00eetre) est la clef fondamentale d&rsquo;une avanc\u00e9e harmonieuse vers l&rsquo;all\u00e8gement de nos dettes les plus lourdes.<\/em><\/p>\n\n\n\n<p class=\"has-black-color has-text-color\" style=\"font-size:22px\"><strong><em>R\u00e9parations Karmiques<\/em><\/strong><\/p>\n\n\n\n<p class=\"has-black-color has-text-color\" style=\"font-size:18px\"><em>Elle permet de remonter \u00e0 l&rsquo;origine de comportements dysfonctionnels ou d\u2019\u00e9v\u00e9nements \u00ab ext\u00e9rieurs \u00bb r\u00e9p\u00e9titifs et d&rsquo;obtenir une r\u00e9paration.<\/em> <em>Les karmas restent actifs jusqu&rsquo;\u00e0 ce qu&rsquo;ils aient \u00e9t\u00e9 pleinement compris et int\u00e9gr\u00e9s, en tant qu&rsquo;exp\u00e9rience.<\/em> <em>Le protocole du pardon permet une dissolution karmique car le pardon ne peut venir du c\u0153ur que si l&rsquo;ensemble de ce qui se joue a \u00e9t\u00e9 compris.<\/em> <em>En amenant via sa supra conscience la personne \u00e0 revivre la vie d&rsquo;origine du trouble, en explorant les choix qui ont \u00e9t\u00e9 faits alors, et en se confrontant aux \u00e2mes \u00e0 qui g\u00e9n\u00e9ralement nous avons fait du mal, il est possible d&rsquo;obtenir un pardon, de nous-m\u00eames et des \u00e2mes en question. Ce pardon, cette pleine int\u00e9gration en conscience de sa responsabilit\u00e9 a une valeur lib\u00e9ratoire et permet la dissolution du karma associ\u00e9 \u00e0 cet \u00e9v\u00e9nement.<\/em> <em>Sachant que certaines probl\u00e9matiques karmique port\u00e9es depuis l&rsquo;enfance (et pour certains depuis plusieurs vies) ne peuvent pas trouver de solution par les th\u00e9rapies plus classiques et comportementales, il devient tr\u00e8s int\u00e9ressant, pour les probl\u00e9matiques qui semblent insolubles de passer par les \u00e9tats modifi\u00e9 de conscience ou de l&rsquo;hypnose spirituelle  d&rsquo;aller explorer les origines karmiques afin, le cas \u00e9ch\u00e9ant, d&rsquo;arriver \u00e0 la compr\u00e9hension et \u00e0 la dissolution de ce qui g\u00eane. Sachant que le temps lin\u00e9aire n&rsquo;existe pas dans l&rsquo;univers de la conscience, toute modification d&rsquo;une vie pass\u00e9e se r\u00e9percute instantan\u00e9ment dans toutes les autres.<\/em> <em>C&rsquo;est pour cette raison, bien que ce soit possible et pratiqu\u00e9 par certains, que nous vous d\u00e9conseillons fortement de modifier le contenu des exp\u00e9rience des vies ant\u00e9rieures (ce qui a pour cons\u00e9quences de changer le karma et non de le dissoudre).<\/em> <em>Les Guides nous invitent d&rsquo;ailleurs \u00e0 ne pas jouer aux apprentis sorciers en la mati\u00e8re car nous ne pouvons rationnellement savoir si le nouveau karma que nous g\u00e9n\u00e9rerons n&rsquo;aura pas des impacts importants. Certaines le\u00e7ons karmiques nous sont donn\u00e9es pour \u00eatre comprises, pas pour \u00eatre \u00e9vit\u00e9es.<\/em> <em>Les techniques de r\u00e9solution pr\u00e9sent\u00e9es ici, outre le fait qu&rsquo;elles ne touchent pas au contenu des vies ant\u00e9rieures, permettent une dissolution par la compr\u00e9hension et le pardon, en accord avec les supra conscience des \u00e2mes en pr\u00e9sence. C&rsquo;est du gagnant-gagnant.<\/em><\/p>\n","protected":false},"excerpt":{"rendered":"<p>Le Karma est la loi de cause \u00e0 effet qui permet aux exp\u00e9rimentateurs que nous sommes de prendre conscience de la nature r\u00e9elle de chaque acte et d&rsquo;apprendre. Le karma a une nature \u00e9nerg\u00e9tique, m\u00e9canique et automatique. Il est simple \u00e0 comprendre et bien que non- immuable, son principe r\u00e9pond \u00e0 certains automatismes. Nous travaillons &hellip; <a href=\"https:\/\/www.au-souffle-de-lumiere.be\/index.php\/le-karma\/\" class=\"more-link\">Continuer la lecture de <span class=\"screen-reader-text\">Le karma<\/span> <span class=\"meta-nav\">&rarr;<\/span><\/a><\/p>\n","protected":false},"author":1,"featured_media":0,"parent":0,"menu_order":0,"comment_status":"closed","ping_status":"closed","template":"","meta":{"footnotes":""},"class_list":["post-1895","page","type-page","status-publish","hentry"],"yoast_head":"<!-- This site is optimized with the Yoast SEO plugin v27.5 - https:\/\/yoast.com\/product\/yoast-seo-wordpress\/ -->\n<title>Le karma - Au Souffle De Lumi\u00e8re<\/title>\n<meta name=\"robots\" content=\"index, follow, max-snippet:-1, max-image-preview:large, max-video-preview:-1\" \/>\n<link rel=\"canonical\" href=\"https:\/\/www.au-souffle-de-lumiere.be\/index.php\/le-karma\/\" \/>\n<meta property=\"og:locale\" content=\"fr_FR\" \/>\n<meta property=\"og:type\" content=\"article\" \/>\n<meta property=\"og:title\" content=\"Le karma - Au Souffle De Lumi\u00e8re\" \/>\n<meta property=\"og:description\" content=\"Le Karma est la loi de cause \u00e0 effet qui permet aux exp\u00e9rimentateurs que nous sommes de prendre conscience de la nature r\u00e9elle de chaque acte et d&rsquo;apprendre. Le karma a une nature \u00e9nerg\u00e9tique, m\u00e9canique et automatique. Il est simple \u00e0 comprendre et bien que non- immuable, son principe r\u00e9pond \u00e0 certains automatismes. Nous travaillons &hellip; Continuer la lecture de Le karma &rarr;\" \/>\n<meta property=\"og:url\" content=\"https:\/\/www.au-souffle-de-lumiere.be\/index.php\/le-karma\/\" \/>\n<meta property=\"og:site_name\" content=\"Au Souffle De Lumi\u00e8re\" \/>\n<meta property=\"article:modified_time\" content=\"2021-11-24T09:40:14+00:00\" \/>\n<meta property=\"og:image\" content=\"https:\/\/www.au-souffle-de-lumiere.be\/wp-content\/uploads\/2021\/11\/ob_190638_articleimagehandler-ashx-3.jpeg\" \/>\n<meta name=\"twitter:card\" content=\"summary_large_image\" \/>\n<meta name=\"twitter:label1\" content=\"Dur\u00e9e de lecture estim\u00e9e\" \/>\n\t<meta name=\"twitter:data1\" content=\"7 minutes\" \/>\n<script type=\"application\/ld+json\" class=\"yoast-schema-graph\">{\"@context\":\"https:\\\/\\\/schema.org\",\"@graph\":[{\"@type\":\"WebPage\",\"@id\":\"https:\\\/\\\/www.au-souffle-de-lumiere.be\\\/index.php\\\/le-karma\\\/\",\"url\":\"https:\\\/\\\/www.au-souffle-de-lumiere.be\\\/index.php\\\/le-karma\\\/\",\"name\":\"Le karma - Au Souffle De Lumi\u00e8re\",\"isPartOf\":{\"@id\":\"https:\\\/\\\/www.au-souffle-de-lumiere.be\\\/#website\"},\"primaryImageOfPage\":{\"@id\":\"https:\\\/\\\/www.au-souffle-de-lumiere.be\\\/index.php\\\/le-karma\\\/#primaryimage\"},\"image\":{\"@id\":\"https:\\\/\\\/www.au-souffle-de-lumiere.be\\\/index.php\\\/le-karma\\\/#primaryimage\"},\"thumbnailUrl\":\"https:\\\/\\\/www.au-souffle-de-lumiere.be\\\/wp-content\\\/uploads\\\/2021\\\/11\\\/ob_190638_articleimagehandler-ashx-3.jpeg\",\"datePublished\":\"2021-11-19T14:42:26+00:00\",\"dateModified\":\"2021-11-24T09:40:14+00:00\",\"breadcrumb\":{\"@id\":\"https:\\\/\\\/www.au-souffle-de-lumiere.be\\\/index.php\\\/le-karma\\\/#breadcrumb\"},\"inLanguage\":\"fr-FR\",\"potentialAction\":[{\"@type\":\"ReadAction\",\"target\":[\"https:\\\/\\\/www.au-souffle-de-lumiere.be\\\/index.php\\\/le-karma\\\/\"]}]},{\"@type\":\"ImageObject\",\"inLanguage\":\"fr-FR\",\"@id\":\"https:\\\/\\\/www.au-souffle-de-lumiere.be\\\/index.php\\\/le-karma\\\/#primaryimage\",\"url\":\"https:\\\/\\\/i0.wp.com\\\/www.au-souffle-de-lumiere.be\\\/wp-content\\\/uploads\\\/2021\\\/11\\\/ob_190638_articleimagehandler-ashx-3.jpeg?fit=561%2C434&ssl=1\",\"contentUrl\":\"https:\\\/\\\/i0.wp.com\\\/www.au-souffle-de-lumiere.be\\\/wp-content\\\/uploads\\\/2021\\\/11\\\/ob_190638_articleimagehandler-ashx-3.jpeg?fit=561%2C434&ssl=1\",\"width\":561,\"height\":434},{\"@type\":\"BreadcrumbList\",\"@id\":\"https:\\\/\\\/www.au-souffle-de-lumiere.be\\\/index.php\\\/le-karma\\\/#breadcrumb\",\"itemListElement\":[{\"@type\":\"ListItem\",\"position\":1,\"name\":\"Accueil\",\"item\":\"https:\\\/\\\/www.au-souffle-de-lumiere.be\\\/\"},{\"@type\":\"ListItem\",\"position\":2,\"name\":\"Le karma\"}]},{\"@type\":\"WebSite\",\"@id\":\"https:\\\/\\\/www.au-souffle-de-lumiere.be\\\/#website\",\"url\":\"https:\\\/\\\/www.au-souffle-de-lumiere.be\\\/\",\"name\":\"Au Souffle De Lumi\u00e8re\",\"description\":\"Hypnose-Soin \u00e9nerg\u00e9tique\",\"publisher\":{\"@id\":\"https:\\\/\\\/www.au-souffle-de-lumiere.be\\\/#organization\"},\"potentialAction\":[{\"@type\":\"SearchAction\",\"target\":{\"@type\":\"EntryPoint\",\"urlTemplate\":\"https:\\\/\\\/www.au-souffle-de-lumiere.be\\\/?s={search_term_string}\"},\"query-input\":{\"@type\":\"PropertyValueSpecification\",\"valueRequired\":true,\"valueName\":\"search_term_string\"}}],\"inLanguage\":\"fr-FR\"},{\"@type\":\"Organization\",\"@id\":\"https:\\\/\\\/www.au-souffle-de-lumiere.be\\\/#organization\",\"name\":\"Au souffle de lumi\u00e8re\",\"url\":\"https:\\\/\\\/www.au-souffle-de-lumiere.be\\\/\",\"logo\":{\"@type\":\"ImageObject\",\"inLanguage\":\"fr-FR\",\"@id\":\"https:\\\/\\\/www.au-souffle-de-lumiere.be\\\/#\\\/schema\\\/logo\\\/image\\\/\",\"url\":\"https:\\\/\\\/i2.wp.com\\\/www.au-souffle-de-lumiere.be\\\/wp-content\\\/uploads\\\/2020\\\/02\\\/Nature-Soleil-5d66366b.jpg?fit=1920%2C1200&ssl=1\",\"contentUrl\":\"https:\\\/\\\/i2.wp.com\\\/www.au-souffle-de-lumiere.be\\\/wp-content\\\/uploads\\\/2020\\\/02\\\/Nature-Soleil-5d66366b.jpg?fit=1920%2C1200&ssl=1\",\"width\":1920,\"height\":1200,\"caption\":\"Au souffle de lumi\u00e8re\"},\"image\":{\"@id\":\"https:\\\/\\\/www.au-souffle-de-lumiere.be\\\/#\\\/schema\\\/logo\\\/image\\\/\"}}]}<\/script>\n<!-- \/ Yoast SEO plugin. -->","yoast_head_json":{"title":"Le karma - Au Souffle De Lumi\u00e8re","robots":{"index":"index","follow":"follow","max-snippet":"max-snippet:-1","max-image-preview":"max-image-preview:large","max-video-preview":"max-video-preview:-1"},"canonical":"https:\/\/www.au-souffle-de-lumiere.be\/index.php\/le-karma\/","og_locale":"fr_FR","og_type":"article","og_title":"Le karma - Au Souffle De Lumi\u00e8re","og_description":"Le Karma est la loi de cause \u00e0 effet qui permet aux exp\u00e9rimentateurs que nous sommes de prendre conscience de la nature r\u00e9elle de chaque acte et d&rsquo;apprendre. Le karma a une nature \u00e9nerg\u00e9tique, m\u00e9canique et automatique. Il est simple \u00e0 comprendre et bien que non- immuable, son principe r\u00e9pond \u00e0 certains automatismes. Nous travaillons &hellip; Continuer la lecture de Le karma &rarr;","og_url":"https:\/\/www.au-souffle-de-lumiere.be\/index.php\/le-karma\/","og_site_name":"Au Souffle De Lumi\u00e8re","article_modified_time":"2021-11-24T09:40:14+00:00","og_image":[{"url":"https:\/\/www.au-souffle-de-lumiere.be\/wp-content\/uploads\/2021\/11\/ob_190638_articleimagehandler-ashx-3.jpeg","type":"","width":"","height":""}],"twitter_card":"summary_large_image","twitter_misc":{"Dur\u00e9e de lecture estim\u00e9e":"7 minutes"},"schema":{"@context":"https:\/\/schema.org","@graph":[{"@type":"WebPage","@id":"https:\/\/www.au-souffle-de-lumiere.be\/index.php\/le-karma\/","url":"https:\/\/www.au-souffle-de-lumiere.be\/index.php\/le-karma\/","name":"Le karma - Au Souffle De Lumi\u00e8re","isPartOf":{"@id":"https:\/\/www.au-souffle-de-lumiere.be\/#website"},"primaryImageOfPage":{"@id":"https:\/\/www.au-souffle-de-lumiere.be\/index.php\/le-karma\/#primaryimage"},"image":{"@id":"https:\/\/www.au-souffle-de-lumiere.be\/index.php\/le-karma\/#primaryimage"},"thumbnailUrl":"https:\/\/www.au-souffle-de-lumiere.be\/wp-content\/uploads\/2021\/11\/ob_190638_articleimagehandler-ashx-3.jpeg","datePublished":"2021-11-19T14:42:26+00:00","dateModified":"2021-11-24T09:40:14+00:00","breadcrumb":{"@id":"https:\/\/www.au-souffle-de-lumiere.be\/index.php\/le-karma\/#breadcrumb"},"inLanguage":"fr-FR","potentialAction":[{"@type":"ReadAction","target":["https:\/\/www.au-souffle-de-lumiere.be\/index.php\/le-karma\/"]}]},{"@type":"ImageObject","inLanguage":"fr-FR","@id":"https:\/\/www.au-souffle-de-lumiere.be\/index.php\/le-karma\/#primaryimage","url":"https:\/\/i0.wp.com\/www.au-souffle-de-lumiere.be\/wp-content\/uploads\/2021\/11\/ob_190638_articleimagehandler-ashx-3.jpeg?fit=561%2C434&ssl=1","contentUrl":"https:\/\/i0.wp.com\/www.au-souffle-de-lumiere.be\/wp-content\/uploads\/2021\/11\/ob_190638_articleimagehandler-ashx-3.jpeg?fit=561%2C434&ssl=1","width":561,"height":434},{"@type":"BreadcrumbList","@id":"https:\/\/www.au-souffle-de-lumiere.be\/index.php\/le-karma\/#breadcrumb","itemListElement":[{"@type":"ListItem","position":1,"name":"Accueil","item":"https:\/\/www.au-souffle-de-lumiere.be\/"},{"@type":"ListItem","position":2,"name":"Le karma"}]},{"@type":"WebSite","@id":"https:\/\/www.au-souffle-de-lumiere.be\/#website","url":"https:\/\/www.au-souffle-de-lumiere.be\/","name":"Au Souffle De Lumi\u00e8re","description":"Hypnose-Soin \u00e9nerg\u00e9tique","publisher":{"@id":"https:\/\/www.au-souffle-de-lumiere.be\/#organization"},"potentialAction":[{"@type":"SearchAction","target":{"@type":"EntryPoint","urlTemplate":"https:\/\/www.au-souffle-de-lumiere.be\/?s={search_term_string}"},"query-input":{"@type":"PropertyValueSpecification","valueRequired":true,"valueName":"search_term_string"}}],"inLanguage":"fr-FR"},{"@type":"Organization","@id":"https:\/\/www.au-souffle-de-lumiere.be\/#organization","name":"Au souffle de lumi\u00e8re","url":"https:\/\/www.au-souffle-de-lumiere.be\/","logo":{"@type":"ImageObject","inLanguage":"fr-FR","@id":"https:\/\/www.au-souffle-de-lumiere.be\/#\/schema\/logo\/image\/","url":"https:\/\/i2.wp.com\/www.au-souffle-de-lumiere.be\/wp-content\/uploads\/2020\/02\/Nature-Soleil-5d66366b.jpg?fit=1920%2C1200&ssl=1","contentUrl":"https:\/\/i2.wp.com\/www.au-souffle-de-lumiere.be\/wp-content\/uploads\/2020\/02\/Nature-Soleil-5d66366b.jpg?fit=1920%2C1200&ssl=1","width":1920,"height":1200,"caption":"Au souffle de lumi\u00e8re"},"image":{"@id":"https:\/\/www.au-souffle-de-lumiere.be\/#\/schema\/logo\/image\/"}}]}},"jetpack_sharing_enabled":true,"_links":{"self":[{"href":"https:\/\/www.au-souffle-de-lumiere.be\/index.php\/wp-json\/wp\/v2\/pages\/1895","targetHints":{"allow":["GET"]}}],"collection":[{"href":"https:\/\/www.au-souffle-de-lumiere.be\/index.php\/wp-json\/wp\/v2\/pages"}],"about":[{"href":"https:\/\/www.au-souffle-de-lumiere.be\/index.php\/wp-json\/wp\/v2\/types\/page"}],"author":[{"embeddable":true,"href":"https:\/\/www.au-souffle-de-lumiere.be\/index.php\/wp-json\/wp\/v2\/users\/1"}],"replies":[{"embeddable":true,"href":"https:\/\/www.au-souffle-de-lumiere.be\/index.php\/wp-json\/wp\/v2\/comments?post=1895"}],"version-history":[{"count":0,"href":"https:\/\/www.au-souffle-de-lumiere.be\/index.php\/wp-json\/wp\/v2\/pages\/1895\/revisions"}],"wp:attachment":[{"href":"https:\/\/www.au-souffle-de-lumiere.be\/index.php\/wp-json\/wp\/v2\/media?parent=1895"}],"curies":[{"name":"wp","href":"https:\/\/api.w.org\/{rel}","templated":true}]}}