{"id":201,"date":"2020-03-04T11:14:05","date_gmt":"2020-03-04T10:14:05","guid":{"rendered":"http:\/\/xn--au-souffle-de-lumire-61b.be\/?page_id=201"},"modified":"2020-06-11T14:11:28","modified_gmt":"2020-06-11T12:11:28","slug":"contact","status":"publish","type":"page","link":"https:\/\/www.au-souffle-de-lumiere.be\/index.php\/contact\/","title":{"rendered":"Question"},"content":{"rendered":"\n<p style=\"font-size:22px\" class=\"has-text-color has-very-dark-gray-color\"><em><strong>Vous avez des interrogations, des demandes de pr\u00e9cisions concernant les soins ? <\/strong><\/em><\/p>\n\n\n\n<figure class=\"wp-block-image size-large\"><img data-recalc-dims=\"1\" loading=\"lazy\" decoding=\"async\" width=\"604\" height=\"402\" src=\"https:\/\/i0.wp.com\/xn--au-souffle-de-lumire-61b.be\/wp-content\/uploads\/2020\/03\/priere-spirituelle-mains-soleil-brille-beau-coucher-soleil-floue_1150-7173.jpg?resize=604%2C402\" alt=\"\" class=\"wp-image-409\" srcset=\"https:\/\/i0.wp.com\/www.au-souffle-de-lumiere.be\/wp-content\/uploads\/2020\/03\/priere-spirituelle-mains-soleil-brille-beau-coucher-soleil-floue_1150-7173.jpg?w=626&amp;ssl=1 626w, https:\/\/i0.wp.com\/www.au-souffle-de-lumiere.be\/wp-content\/uploads\/2020\/03\/priere-spirituelle-mains-soleil-brille-beau-coucher-soleil-floue_1150-7173.jpg?resize=300%2C200&amp;ssl=1 300w\" sizes=\"auto, (max-width: 604px) 100vw, 604px\" \/><\/figure>\n\n\n\n\n<div class=\"wpcf7 no-js\" id=\"wpcf7-f217-o1\" lang=\"fr-FR\" dir=\"ltr\" data-wpcf7-id=\"217\">\n<div class=\"screen-reader-response\"><p role=\"status\" aria-live=\"polite\" aria-atomic=\"true\"><\/p> <ul><\/ul><\/div>\n<form action=\"\/index.php\/wp-json\/wp\/v2\/pages\/201#wpcf7-f217-o1\" method=\"post\" class=\"wpcf7-form init\" aria-label=\"Formulaire de contact\" novalidate=\"novalidate\" data-status=\"init\">\n<fieldset class=\"hidden-fields-container\"><input type=\"hidden\" name=\"_wpcf7\" value=\"217\" \/><input type=\"hidden\" name=\"_wpcf7_version\" value=\"6.1.5\" \/><input type=\"hidden\" name=\"_wpcf7_locale\" value=\"fr_FR\" \/><input type=\"hidden\" name=\"_wpcf7_unit_tag\" value=\"wpcf7-f217-o1\" \/><input type=\"hidden\" name=\"_wpcf7_container_post\" value=\"0\" \/><input type=\"hidden\" name=\"_wpcf7_posted_data_hash\" value=\"\" \/><input type=\"hidden\" name=\"_wpcf7_recaptcha_response\" value=\"\" \/>\n<\/fieldset>\n<p><label> <b> <I>\n\t\t\t\t<FONT COLOR=\"#000000\"> Votre nom*\n\t\t\t\t<\/font> <\/i> <\/b><br \/>\n<span class=\"wpcf7-form-control-wrap\" data-name=\"your-name\"><input size=\"40\" maxlength=\"400\" class=\"wpcf7-form-control wpcf7-text wpcf7-validates-as-required\" aria-required=\"true\" aria-invalid=\"false\" value=\"\" type=\"text\" name=\"your-name\" \/><\/span><\/label>\n<\/p>\n<p><label> <b> <I>\n\t\t\t\t<FONT COLOR=\"#000000\"> Votre adresse de messagerie*\n\t\t\t\t<\/font> <\/i> <\/b><br \/>\n<span class=\"wpcf7-form-control-wrap\" data-name=\"your-email\"><input size=\"40\" maxlength=\"400\" class=\"wpcf7-form-control wpcf7-email wpcf7-validates-as-required wpcf7-text wpcf7-validates-as-email\" aria-required=\"true\" aria-invalid=\"false\" value=\"\" type=\"email\" name=\"your-email\" \/><\/span> <\/label>\n<\/p>\n<p><label> <b> <I>\n\t\t\t\t<FONT COLOR=\"#000000\"> Objet*\n\t\t\t\t<\/font> <\/i> <\/b><br \/>\n<span class=\"wpcf7-form-control-wrap\" data-name=\"your-subject\"><input size=\"40\" maxlength=\"400\" class=\"wpcf7-form-control wpcf7-text wpcf7-validates-as-required\" aria-required=\"true\" aria-invalid=\"false\" value=\"\" type=\"text\" name=\"your-subject\" \/><\/span> <\/label>\n<\/p>\n<p><label> <b> <I>\n\t\t\t\t<FONT COLOR=\"#000000\"> Votre question*\n\t\t\t\t<\/font> <\/i> <\/b><br \/>\n<span class=\"wpcf7-form-control-wrap\" data-name=\"your-message\"><textarea cols=\"40\" rows=\"10\" maxlength=\"2000\" class=\"wpcf7-form-control wpcf7-textarea wpcf7-validates-as-required\" aria-required=\"true\" aria-invalid=\"false\" name=\"your-message\"><\/textarea><\/span> <\/label>\n<\/p>\n<p><input class=\"wpcf7-form-control wpcf7-submit has-spinner\" type=\"submit\" value=\"Envoyer\" \/>\n<\/p><div class=\"wpcf7-response-output\" aria-hidden=\"true\"><\/div>\n<\/form>\n<\/div>\n\n","protected":false},"excerpt":{"rendered":"<p>Vous avez des interrogations, des demandes de pr\u00e9cisions concernant les soins ?<\/p>\n","protected":false},"author":1,"featured_media":0,"parent":0,"menu_order":0,"comment_status":"closed","ping_status":"closed","template":"","meta":{"footnotes":""},"class_list":["post-201","page","type-page","status-publish","hentry"],"yoast_head":"<!-- This site is optimized with the Yoast SEO plugin v27.5 - https:\/\/yoast.com\/product\/yoast-seo-wordpress\/ -->\n<title>Question - Au Souffle De Lumi\u00e8re<\/title>\n<meta name=\"robots\" content=\"index, follow, max-snippet:-1, max-image-preview:large, max-video-preview:-1\" \/>\n<link rel=\"canonical\" href=\"https:\/\/www.au-souffle-de-lumiere.be\/index.php\/contact\/\" \/>\n<meta property=\"og:locale\" content=\"fr_FR\" \/>\n<meta property=\"og:type\" content=\"article\" \/>\n<meta property=\"og:title\" content=\"Question - Au Souffle De Lumi\u00e8re\" \/>\n<meta property=\"og:description\" content=\"Vous avez des interrogations, des demandes de pr\u00e9cisions concernant les soins ?\" \/>\n<meta property=\"og:url\" content=\"https:\/\/www.au-souffle-de-lumiere.be\/index.php\/contact\/\" \/>\n<meta property=\"og:site_name\" content=\"Au Souffle De Lumi\u00e8re\" \/>\n<meta property=\"article:modified_time\" content=\"2020-06-11T12:11:28+00:00\" \/>\n<meta property=\"og:image\" content=\"http:\/\/xn--au-souffle-de-lumire-61b.be\/wp-content\/uploads\/2020\/03\/priere-spirituelle-mains-soleil-brille-beau-coucher-soleil-floue_1150-7173.jpg\" \/>\n<meta name=\"twitter:card\" content=\"summary_large_image\" \/>\n<script type=\"application\/ld+json\" class=\"yoast-schema-graph\">{\"@context\":\"https:\\\/\\\/schema.org\",\"@graph\":[{\"@type\":\"WebPage\",\"@id\":\"https:\\\/\\\/www.au-souffle-de-lumiere.be\\\/index.php\\\/contact\\\/\",\"url\":\"https:\\\/\\\/www.au-souffle-de-lumiere.be\\\/index.php\\\/contact\\\/\",\"name\":\"Question - Au Souffle De Lumi\u00e8re\",\"isPartOf\":{\"@id\":\"https:\\\/\\\/www.au-souffle-de-lumiere.be\\\/#website\"},\"primaryImageOfPage\":{\"@id\":\"https:\\\/\\\/www.au-souffle-de-lumiere.be\\\/index.php\\\/contact\\\/#primaryimage\"},\"image\":{\"@id\":\"https:\\\/\\\/www.au-souffle-de-lumiere.be\\\/index.php\\\/contact\\\/#primaryimage\"},\"thumbnailUrl\":\"http:\\\/\\\/xn--au-souffle-de-lumire-61b.be\\\/wp-content\\\/uploads\\\/2020\\\/03\\\/priere-spirituelle-mains-soleil-brille-beau-coucher-soleil-floue_1150-7173.jpg\",\"datePublished\":\"2020-03-04T10:14:05+00:00\",\"dateModified\":\"2020-06-11T12:11:28+00:00\",\"breadcrumb\":{\"@id\":\"https:\\\/\\\/www.au-souffle-de-lumiere.be\\\/index.php\\\/contact\\\/#breadcrumb\"},\"inLanguage\":\"fr-FR\",\"potentialAction\":[{\"@type\":\"ReadAction\",\"target\":[\"https:\\\/\\\/www.au-souffle-de-lumiere.be\\\/index.php\\\/contact\\\/\"]}]},{\"@type\":\"ImageObject\",\"inLanguage\":\"fr-FR\",\"@id\":\"https:\\\/\\\/www.au-souffle-de-lumiere.be\\\/index.php\\\/contact\\\/#primaryimage\",\"url\":\"http:\\\/\\\/xn--au-souffle-de-lumire-61b.be\\\/wp-content\\\/uploads\\\/2020\\\/03\\\/priere-spirituelle-mains-soleil-brille-beau-coucher-soleil-floue_1150-7173.jpg\",\"contentUrl\":\"http:\\\/\\\/xn--au-souffle-de-lumire-61b.be\\\/wp-content\\\/uploads\\\/2020\\\/03\\\/priere-spirituelle-mains-soleil-brille-beau-coucher-soleil-floue_1150-7173.jpg\"},{\"@type\":\"BreadcrumbList\",\"@id\":\"https:\\\/\\\/www.au-souffle-de-lumiere.be\\\/index.php\\\/contact\\\/#breadcrumb\",\"itemListElement\":[{\"@type\":\"ListItem\",\"position\":1,\"name\":\"Accueil\",\"item\":\"https:\\\/\\\/www.au-souffle-de-lumiere.be\\\/\"},{\"@type\":\"ListItem\",\"position\":2,\"name\":\"Question\"}]},{\"@type\":\"WebSite\",\"@id\":\"https:\\\/\\\/www.au-souffle-de-lumiere.be\\\/#website\",\"url\":\"https:\\\/\\\/www.au-souffle-de-lumiere.be\\\/\",\"name\":\"Au Souffle De Lumi\u00e8re\",\"description\":\"Hypnose-Soin \u00e9nerg\u00e9tique\",\"publisher\":{\"@id\":\"https:\\\/\\\/www.au-souffle-de-lumiere.be\\\/#organization\"},\"potentialAction\":[{\"@type\":\"SearchAction\",\"target\":{\"@type\":\"EntryPoint\",\"urlTemplate\":\"https:\\\/\\\/www.au-souffle-de-lumiere.be\\\/?s={search_term_string}\"},\"query-input\":{\"@type\":\"PropertyValueSpecification\",\"valueRequired\":true,\"valueName\":\"search_term_string\"}}],\"inLanguage\":\"fr-FR\"},{\"@type\":\"Organization\",\"@id\":\"https:\\\/\\\/www.au-souffle-de-lumiere.be\\\/#organization\",\"name\":\"Au souffle de lumi\u00e8re\",\"url\":\"https:\\\/\\\/www.au-souffle-de-lumiere.be\\\/\",\"logo\":{\"@type\":\"ImageObject\",\"inLanguage\":\"fr-FR\",\"@id\":\"https:\\\/\\\/www.au-souffle-de-lumiere.be\\\/#\\\/schema\\\/logo\\\/image\\\/\",\"url\":\"https:\\\/\\\/i2.wp.com\\\/www.au-souffle-de-lumiere.be\\\/wp-content\\\/uploads\\\/2020\\\/02\\\/Nature-Soleil-5d66366b.jpg?fit=1920%2C1200&ssl=1\",\"contentUrl\":\"https:\\\/\\\/i2.wp.com\\\/www.au-souffle-de-lumiere.be\\\/wp-content\\\/uploads\\\/2020\\\/02\\\/Nature-Soleil-5d66366b.jpg?fit=1920%2C1200&ssl=1\",\"width\":1920,\"height\":1200,\"caption\":\"Au souffle de lumi\u00e8re\"},\"image\":{\"@id\":\"https:\\\/\\\/www.au-souffle-de-lumiere.be\\\/#\\\/schema\\\/logo\\\/image\\\/\"}}]}<\/script>\n<!-- \/ Yoast SEO plugin. -->","yoast_head_json":{"title":"Question - Au Souffle De Lumi\u00e8re","robots":{"index":"index","follow":"follow","max-snippet":"max-snippet:-1","max-image-preview":"max-image-preview:large","max-video-preview":"max-video-preview:-1"},"canonical":"https:\/\/www.au-souffle-de-lumiere.be\/index.php\/contact\/","og_locale":"fr_FR","og_type":"article","og_title":"Question - Au Souffle De Lumi\u00e8re","og_description":"Vous avez des interrogations, des demandes de pr\u00e9cisions concernant les soins ?","og_url":"https:\/\/www.au-souffle-de-lumiere.be\/index.php\/contact\/","og_site_name":"Au Souffle De Lumi\u00e8re","article_modified_time":"2020-06-11T12:11:28+00:00","og_image":[{"url":"http:\/\/xn--au-souffle-de-lumire-61b.be\/wp-content\/uploads\/2020\/03\/priere-spirituelle-mains-soleil-brille-beau-coucher-soleil-floue_1150-7173.jpg","type":"","width":"","height":""}],"twitter_card":"summary_large_image","schema":{"@context":"https:\/\/schema.org","@graph":[{"@type":"WebPage","@id":"https:\/\/www.au-souffle-de-lumiere.be\/index.php\/contact\/","url":"https:\/\/www.au-souffle-de-lumiere.be\/index.php\/contact\/","name":"Question - Au Souffle De Lumi\u00e8re","isPartOf":{"@id":"https:\/\/www.au-souffle-de-lumiere.be\/#website"},"primaryImageOfPage":{"@id":"https:\/\/www.au-souffle-de-lumiere.be\/index.php\/contact\/#primaryimage"},"image":{"@id":"https:\/\/www.au-souffle-de-lumiere.be\/index.php\/contact\/#primaryimage"},"thumbnailUrl":"http:\/\/xn--au-souffle-de-lumire-61b.be\/wp-content\/uploads\/2020\/03\/priere-spirituelle-mains-soleil-brille-beau-coucher-soleil-floue_1150-7173.jpg","datePublished":"2020-03-04T10:14:05+00:00","dateModified":"2020-06-11T12:11:28+00:00","breadcrumb":{"@id":"https:\/\/www.au-souffle-de-lumiere.be\/index.php\/contact\/#breadcrumb"},"inLanguage":"fr-FR","potentialAction":[{"@type":"ReadAction","target":["https:\/\/www.au-souffle-de-lumiere.be\/index.php\/contact\/"]}]},{"@type":"ImageObject","inLanguage":"fr-FR","@id":"https:\/\/www.au-souffle-de-lumiere.be\/index.php\/contact\/#primaryimage","url":"http:\/\/xn--au-souffle-de-lumire-61b.be\/wp-content\/uploads\/2020\/03\/priere-spirituelle-mains-soleil-brille-beau-coucher-soleil-floue_1150-7173.jpg","contentUrl":"http:\/\/xn--au-souffle-de-lumire-61b.be\/wp-content\/uploads\/2020\/03\/priere-spirituelle-mains-soleil-brille-beau-coucher-soleil-floue_1150-7173.jpg"},{"@type":"BreadcrumbList","@id":"https:\/\/www.au-souffle-de-lumiere.be\/index.php\/contact\/#breadcrumb","itemListElement":[{"@type":"ListItem","position":1,"name":"Accueil","item":"https:\/\/www.au-souffle-de-lumiere.be\/"},{"@type":"ListItem","position":2,"name":"Question"}]},{"@type":"WebSite","@id":"https:\/\/www.au-souffle-de-lumiere.be\/#website","url":"https:\/\/www.au-souffle-de-lumiere.be\/","name":"Au Souffle De Lumi\u00e8re","description":"Hypnose-Soin \u00e9nerg\u00e9tique","publisher":{"@id":"https:\/\/www.au-souffle-de-lumiere.be\/#organization"},"potentialAction":[{"@type":"SearchAction","target":{"@type":"EntryPoint","urlTemplate":"https:\/\/www.au-souffle-de-lumiere.be\/?s={search_term_string}"},"query-input":{"@type":"PropertyValueSpecification","valueRequired":true,"valueName":"search_term_string"}}],"inLanguage":"fr-FR"},{"@type":"Organization","@id":"https:\/\/www.au-souffle-de-lumiere.be\/#organization","name":"Au souffle de lumi\u00e8re","url":"https:\/\/www.au-souffle-de-lumiere.be\/","logo":{"@type":"ImageObject","inLanguage":"fr-FR","@id":"https:\/\/www.au-souffle-de-lumiere.be\/#\/schema\/logo\/image\/","url":"https:\/\/i2.wp.com\/www.au-souffle-de-lumiere.be\/wp-content\/uploads\/2020\/02\/Nature-Soleil-5d66366b.jpg?fit=1920%2C1200&ssl=1","contentUrl":"https:\/\/i2.wp.com\/www.au-souffle-de-lumiere.be\/wp-content\/uploads\/2020\/02\/Nature-Soleil-5d66366b.jpg?fit=1920%2C1200&ssl=1","width":1920,"height":1200,"caption":"Au souffle de lumi\u00e8re"},"image":{"@id":"https:\/\/www.au-souffle-de-lumiere.be\/#\/schema\/logo\/image\/"}}]}},"jetpack_sharing_enabled":true,"_links":{"self":[{"href":"https:\/\/www.au-souffle-de-lumiere.be\/index.php\/wp-json\/wp\/v2\/pages\/201","targetHints":{"allow":["GET"]}}],"collection":[{"href":"https:\/\/www.au-souffle-de-lumiere.be\/index.php\/wp-json\/wp\/v2\/pages"}],"about":[{"href":"https:\/\/www.au-souffle-de-lumiere.be\/index.php\/wp-json\/wp\/v2\/types\/page"}],"author":[{"embeddable":true,"href":"https:\/\/www.au-souffle-de-lumiere.be\/index.php\/wp-json\/wp\/v2\/users\/1"}],"replies":[{"embeddable":true,"href":"https:\/\/www.au-souffle-de-lumiere.be\/index.php\/wp-json\/wp\/v2\/comments?post=201"}],"version-history":[{"count":0,"href":"https:\/\/www.au-souffle-de-lumiere.be\/index.php\/wp-json\/wp\/v2\/pages\/201\/revisions"}],"wp:attachment":[{"href":"https:\/\/www.au-souffle-de-lumiere.be\/index.php\/wp-json\/wp\/v2\/media?parent=201"}],"curies":[{"name":"wp","href":"https:\/\/api.w.org\/{rel}","templated":true}]}}