{"id":2274,"date":"2022-10-26T12:59:11","date_gmt":"2022-10-26T10:59:11","guid":{"rendered":"https:\/\/www.au-souffle-de-lumiere.be\/?page_id=2274"},"modified":"2023-07-17T13:30:30","modified_gmt":"2023-07-17T11:30:30","slug":"alerte-sur-les-derives-en-matiere-de-therapie","status":"publish","type":"page","link":"https:\/\/www.au-souffle-de-lumiere.be\/index.php\/alerte-sur-les-derives-en-matiere-de-therapie\/","title":{"rendered":"Alerte sur les d\u00e9rives en mati\u00e8re de th\u00e9rapie"},"content":{"rendered":"\n<figure class=\"wp-block-image size-full is-resized\"><img data-recalc-dims=\"1\" loading=\"lazy\" decoding=\"async\" src=\"https:\/\/i0.wp.com\/www.au-souffle-de-lumiere.be\/wp-content\/uploads\/2022\/10\/faux.webp?resize=430%2C375&#038;ssl=1\" alt=\"\" class=\"wp-image-2271\" width=\"430\" height=\"375\" srcset=\"https:\/\/i0.wp.com\/www.au-souffle-de-lumiere.be\/wp-content\/uploads\/2022\/10\/faux.webp?w=1024&amp;ssl=1 1024w, https:\/\/i0.wp.com\/www.au-souffle-de-lumiere.be\/wp-content\/uploads\/2022\/10\/faux.webp?resize=300%2C262&amp;ssl=1 300w, https:\/\/i0.wp.com\/www.au-souffle-de-lumiere.be\/wp-content\/uploads\/2022\/10\/faux.webp?resize=768%2C671&amp;ssl=1 768w\" sizes=\"auto, (max-width: 430px) 100vw, 430px\" \/><\/figure>\n\n\n\n<p class=\"has-medium-font-size\"><strong>Mise en garde contre les d\u00e9rives en mati\u00e8re de th\u00e9rapie.<\/strong><\/p>\n\n\n\n<p>De nos jours, de plus en plus de personnes s&rsquo;auto-proclament th\u00e9rapeutes, guides ou chamans sans avoir les connaissances n\u00e9cessaires. Leur ignorance, inconscience ou pr\u00e9tention les rend dangereuses pour ceux qui cherchent de l&rsquo;aide.<\/p>\n\n\n\n<p>Ces personnes m\u00e9connaissent les lois de la vie psychique et son fonctionnement, n&rsquo;ont aucune formation en psychologie, mystique, \u00e9sot\u00e9rique, chamanisme ou \u00e9nerg\u00e9tique. Souvent, elles n&rsquo;ont pas non plus effectu\u00e9 un travail personnel approfondi. Elles se nourrissent du sentiment valorisant d&rsquo;\u00eatre investies d&rsquo;une \u00ab\u00a0mission extraordinaire\u00a0\u00bb et de d\u00e9tenir un pouvoir de \u00ab\u00a0gu\u00e9rison\u00a0\u00bb. Cependant, le danger r\u00e9side dans le fait qu&rsquo;elles peuvent engrammer chez leurs consultants de fausses croyances, de fausses m\u00e9moires, comme la magie noire, les entit\u00e9s, les envo\u00fbtements, et bien d&rsquo;autres encore.<\/p>\n\n\n\n<p>Dans le domaine du d\u00e9veloppement spirituel, il est malheureusement fr\u00e9quent de rencontrer des maltraitances et des abus, y compris des abus sexuels, inflig\u00e9s aux consultants par des personnes se pr\u00e9tendant th\u00e9rapeutes ou chamans. Certains reviennent de ces exp\u00e9riences d\u00e9truits et traumatis\u00e9s, car ils avaient plac\u00e9 toute leur confiance en ces suppos\u00e9s th\u00e9rapeutes dans l&rsquo;espoir d&rsquo;une gu\u00e9rison miraculeuse. D&rsquo;autres peuvent m\u00eame d\u00e9velopper des troubles d\u00e9lirants suite \u00e0 des exp\u00e9riences \u00ab\u00a0hors limites\u00a0\u00bb.<\/p>\n\n\n\n<p class=\"has-medium-font-size\"><strong>Pourquoi observe-t-on davantage de d\u00e9rives dans le d\u00e9veloppement personnel\/spirituel qu&rsquo;ailleurs ?<\/strong><\/p>\n\n\n\n<p>Plusieurs raisons expliquent cette situation.<\/p>\n\n\n\n<p>Tout d&rsquo;abord, le d\u00e9veloppement personnel et la spiritualit\u00e9 exercent une s\u00e9duction particuli\u00e8re sur les individus en raison de la promesse de bonheur et de l&rsquo;attrait pour le myst\u00e8re et l&rsquo;inexpliqu\u00e9. Les personnes s&rsquo;y tournent souvent dans un \u00e9tat de vuln\u00e9rabilit\u00e9, esp\u00e9rant que le th\u00e9rapeute saura des choses qu&rsquo;elles ignorent et pourra les gu\u00e9rir, voire leur d\u00e9livrer des r\u00e9ponses miraculeuses.<\/p>\n\n\n\n<p>De plus, ce domaine est parfois le th\u00e9\u00e2tre d&rsquo;un v\u00e9ritable \u00ab\u00a0business\u00a0\u00bb bas\u00e9 sur l&rsquo;ignorance. De nombreuses th\u00e9ories inv\u00e9rifiables circulent, pr\u00e9tendant tout expliquer des lois de la nature et du monde.<\/p>\n\n\n\n<p>Il est donc essentiel de se m\u00e9fier des gourous autoproclam\u00e9s, des soi-disant \u00e9missaires divins ou d\u00e9tenteurs de super pouvoirs. La sagesse des anciennes mythologies sacr\u00e9es et des enseignements traditionnels peut s&rsquo;av\u00e9rer bien plus fiable que les \u00ab\u00a0r\u00e9v\u00e9lations\u00a0\u00bb de certains pr\u00e9tendus th\u00e9rapeutes. Un v\u00e9ritable th\u00e9rapeute restera humble, et il est possible qu&rsquo;il ne puisse pas r\u00e9pondre \u00e0 toutes vos questions, car personne ne d\u00e9tient toutes les r\u00e9ponses.<\/p>\n\n\n\n<p>La prudence est de mise, et il est essentiel de choisir un professionnel comp\u00e9tent, bien form\u00e9 et \u00e9thique pour entamer un v\u00e9ritable travail de gu\u00e9rison et de d\u00e9veloppement personnel. Votre bien-\u00eatre et votre s\u00e9curit\u00e9 doivent \u00eatre les priorit\u00e9s absolues.<\/p>\n","protected":false},"excerpt":{"rendered":"<p>Mise en garde contre les d\u00e9rives en mati\u00e8re de th\u00e9rapie. De nos jours, de plus en plus de personnes s&rsquo;auto-proclament th\u00e9rapeutes, guides ou chamans sans avoir les connaissances n\u00e9cessaires. Leur ignorance, inconscience ou pr\u00e9tention les rend dangereuses pour ceux qui cherchent de l&rsquo;aide. Ces personnes m\u00e9connaissent les lois de la vie psychique et son fonctionnement, &hellip; <a href=\"https:\/\/www.au-souffle-de-lumiere.be\/index.php\/alerte-sur-les-derives-en-matiere-de-therapie\/\" class=\"more-link\">Continuer la lecture de <span class=\"screen-reader-text\">Alerte sur les d\u00e9rives en mati\u00e8re de th\u00e9rapie<\/span> <span class=\"meta-nav\">&rarr;<\/span><\/a><\/p>\n","protected":false},"author":1,"featured_media":0,"parent":0,"menu_order":0,"comment_status":"closed","ping_status":"closed","template":"","meta":{"footnotes":""},"class_list":["post-2274","page","type-page","status-publish","hentry"],"yoast_head":"<!-- This site is optimized with the Yoast SEO plugin v27.5 - https:\/\/yoast.com\/product\/yoast-seo-wordpress\/ -->\n<title>Alerte sur les d\u00e9rives en mati\u00e8re de th\u00e9rapie - Au Souffle De Lumi\u00e8re<\/title>\n<meta name=\"robots\" content=\"index, follow, max-snippet:-1, max-image-preview:large, max-video-preview:-1\" \/>\n<link rel=\"canonical\" href=\"https:\/\/www.au-souffle-de-lumiere.be\/index.php\/alerte-sur-les-derives-en-matiere-de-therapie\/\" \/>\n<meta property=\"og:locale\" content=\"fr_FR\" \/>\n<meta property=\"og:type\" content=\"article\" \/>\n<meta property=\"og:title\" content=\"Alerte sur les d\u00e9rives en mati\u00e8re de th\u00e9rapie - Au Souffle De Lumi\u00e8re\" \/>\n<meta property=\"og:description\" content=\"Mise en garde contre les d\u00e9rives en mati\u00e8re de th\u00e9rapie. De nos jours, de plus en plus de personnes s&rsquo;auto-proclament th\u00e9rapeutes, guides ou chamans sans avoir les connaissances n\u00e9cessaires. Leur ignorance, inconscience ou pr\u00e9tention les rend dangereuses pour ceux qui cherchent de l&rsquo;aide. Ces personnes m\u00e9connaissent les lois de la vie psychique et son fonctionnement, &hellip; Continuer la lecture de Alerte sur les d\u00e9rives en mati\u00e8re de th\u00e9rapie &rarr;\" \/>\n<meta property=\"og:url\" content=\"https:\/\/www.au-souffle-de-lumiere.be\/index.php\/alerte-sur-les-derives-en-matiere-de-therapie\/\" \/>\n<meta property=\"og:site_name\" content=\"Au Souffle De Lumi\u00e8re\" \/>\n<meta property=\"article:modified_time\" content=\"2023-07-17T11:30:30+00:00\" \/>\n<meta property=\"og:image\" content=\"https:\/\/www.au-souffle-de-lumiere.be\/wp-content\/uploads\/2022\/10\/faux.webp\" \/>\n<meta name=\"twitter:card\" content=\"summary_large_image\" \/>\n<meta name=\"twitter:label1\" content=\"Dur\u00e9e de lecture estim\u00e9e\" \/>\n\t<meta name=\"twitter:data1\" content=\"3 minutes\" \/>\n<script type=\"application\/ld+json\" class=\"yoast-schema-graph\">{\"@context\":\"https:\\\/\\\/schema.org\",\"@graph\":[{\"@type\":\"WebPage\",\"@id\":\"https:\\\/\\\/www.au-souffle-de-lumiere.be\\\/index.php\\\/alerte-sur-les-derives-en-matiere-de-therapie\\\/\",\"url\":\"https:\\\/\\\/www.au-souffle-de-lumiere.be\\\/index.php\\\/alerte-sur-les-derives-en-matiere-de-therapie\\\/\",\"name\":\"Alerte sur les d\u00e9rives en mati\u00e8re de th\u00e9rapie - Au Souffle De Lumi\u00e8re\",\"isPartOf\":{\"@id\":\"https:\\\/\\\/www.au-souffle-de-lumiere.be\\\/#website\"},\"primaryImageOfPage\":{\"@id\":\"https:\\\/\\\/www.au-souffle-de-lumiere.be\\\/index.php\\\/alerte-sur-les-derives-en-matiere-de-therapie\\\/#primaryimage\"},\"image\":{\"@id\":\"https:\\\/\\\/www.au-souffle-de-lumiere.be\\\/index.php\\\/alerte-sur-les-derives-en-matiere-de-therapie\\\/#primaryimage\"},\"thumbnailUrl\":\"https:\\\/\\\/www.au-souffle-de-lumiere.be\\\/wp-content\\\/uploads\\\/2022\\\/10\\\/faux.webp\",\"datePublished\":\"2022-10-26T10:59:11+00:00\",\"dateModified\":\"2023-07-17T11:30:30+00:00\",\"breadcrumb\":{\"@id\":\"https:\\\/\\\/www.au-souffle-de-lumiere.be\\\/index.php\\\/alerte-sur-les-derives-en-matiere-de-therapie\\\/#breadcrumb\"},\"inLanguage\":\"fr-FR\",\"potentialAction\":[{\"@type\":\"ReadAction\",\"target\":[\"https:\\\/\\\/www.au-souffle-de-lumiere.be\\\/index.php\\\/alerte-sur-les-derives-en-matiere-de-therapie\\\/\"]}]},{\"@type\":\"ImageObject\",\"inLanguage\":\"fr-FR\",\"@id\":\"https:\\\/\\\/www.au-souffle-de-lumiere.be\\\/index.php\\\/alerte-sur-les-derives-en-matiere-de-therapie\\\/#primaryimage\",\"url\":\"https:\\\/\\\/i0.wp.com\\\/www.au-souffle-de-lumiere.be\\\/wp-content\\\/uploads\\\/2022\\\/10\\\/faux.webp?fit=1024%2C894&ssl=1\",\"contentUrl\":\"https:\\\/\\\/i0.wp.com\\\/www.au-souffle-de-lumiere.be\\\/wp-content\\\/uploads\\\/2022\\\/10\\\/faux.webp?fit=1024%2C894&ssl=1\",\"width\":1024,\"height\":894},{\"@type\":\"BreadcrumbList\",\"@id\":\"https:\\\/\\\/www.au-souffle-de-lumiere.be\\\/index.php\\\/alerte-sur-les-derives-en-matiere-de-therapie\\\/#breadcrumb\",\"itemListElement\":[{\"@type\":\"ListItem\",\"position\":1,\"name\":\"Accueil\",\"item\":\"https:\\\/\\\/www.au-souffle-de-lumiere.be\\\/\"},{\"@type\":\"ListItem\",\"position\":2,\"name\":\"Alerte sur les d\u00e9rives en mati\u00e8re de th\u00e9rapie\"}]},{\"@type\":\"WebSite\",\"@id\":\"https:\\\/\\\/www.au-souffle-de-lumiere.be\\\/#website\",\"url\":\"https:\\\/\\\/www.au-souffle-de-lumiere.be\\\/\",\"name\":\"Au Souffle De Lumi\u00e8re\",\"description\":\"Hypnose-Soin \u00e9nerg\u00e9tique\",\"publisher\":{\"@id\":\"https:\\\/\\\/www.au-souffle-de-lumiere.be\\\/#organization\"},\"potentialAction\":[{\"@type\":\"SearchAction\",\"target\":{\"@type\":\"EntryPoint\",\"urlTemplate\":\"https:\\\/\\\/www.au-souffle-de-lumiere.be\\\/?s={search_term_string}\"},\"query-input\":{\"@type\":\"PropertyValueSpecification\",\"valueRequired\":true,\"valueName\":\"search_term_string\"}}],\"inLanguage\":\"fr-FR\"},{\"@type\":\"Organization\",\"@id\":\"https:\\\/\\\/www.au-souffle-de-lumiere.be\\\/#organization\",\"name\":\"Au souffle de lumi\u00e8re\",\"url\":\"https:\\\/\\\/www.au-souffle-de-lumiere.be\\\/\",\"logo\":{\"@type\":\"ImageObject\",\"inLanguage\":\"fr-FR\",\"@id\":\"https:\\\/\\\/www.au-souffle-de-lumiere.be\\\/#\\\/schema\\\/logo\\\/image\\\/\",\"url\":\"https:\\\/\\\/i2.wp.com\\\/www.au-souffle-de-lumiere.be\\\/wp-content\\\/uploads\\\/2020\\\/02\\\/Nature-Soleil-5d66366b.jpg?fit=1920%2C1200&ssl=1\",\"contentUrl\":\"https:\\\/\\\/i2.wp.com\\\/www.au-souffle-de-lumiere.be\\\/wp-content\\\/uploads\\\/2020\\\/02\\\/Nature-Soleil-5d66366b.jpg?fit=1920%2C1200&ssl=1\",\"width\":1920,\"height\":1200,\"caption\":\"Au souffle de lumi\u00e8re\"},\"image\":{\"@id\":\"https:\\\/\\\/www.au-souffle-de-lumiere.be\\\/#\\\/schema\\\/logo\\\/image\\\/\"}}]}<\/script>\n<!-- \/ Yoast SEO plugin. -->","yoast_head_json":{"title":"Alerte sur les d\u00e9rives en mati\u00e8re de th\u00e9rapie - Au Souffle De Lumi\u00e8re","robots":{"index":"index","follow":"follow","max-snippet":"max-snippet:-1","max-image-preview":"max-image-preview:large","max-video-preview":"max-video-preview:-1"},"canonical":"https:\/\/www.au-souffle-de-lumiere.be\/index.php\/alerte-sur-les-derives-en-matiere-de-therapie\/","og_locale":"fr_FR","og_type":"article","og_title":"Alerte sur les d\u00e9rives en mati\u00e8re de th\u00e9rapie - Au Souffle De Lumi\u00e8re","og_description":"Mise en garde contre les d\u00e9rives en mati\u00e8re de th\u00e9rapie. De nos jours, de plus en plus de personnes s&rsquo;auto-proclament th\u00e9rapeutes, guides ou chamans sans avoir les connaissances n\u00e9cessaires. Leur ignorance, inconscience ou pr\u00e9tention les rend dangereuses pour ceux qui cherchent de l&rsquo;aide. Ces personnes m\u00e9connaissent les lois de la vie psychique et son fonctionnement, &hellip; Continuer la lecture de Alerte sur les d\u00e9rives en mati\u00e8re de th\u00e9rapie &rarr;","og_url":"https:\/\/www.au-souffle-de-lumiere.be\/index.php\/alerte-sur-les-derives-en-matiere-de-therapie\/","og_site_name":"Au Souffle De Lumi\u00e8re","article_modified_time":"2023-07-17T11:30:30+00:00","og_image":[{"url":"https:\/\/www.au-souffle-de-lumiere.be\/wp-content\/uploads\/2022\/10\/faux.webp","type":"","width":"","height":""}],"twitter_card":"summary_large_image","twitter_misc":{"Dur\u00e9e de lecture estim\u00e9e":"3 minutes"},"schema":{"@context":"https:\/\/schema.org","@graph":[{"@type":"WebPage","@id":"https:\/\/www.au-souffle-de-lumiere.be\/index.php\/alerte-sur-les-derives-en-matiere-de-therapie\/","url":"https:\/\/www.au-souffle-de-lumiere.be\/index.php\/alerte-sur-les-derives-en-matiere-de-therapie\/","name":"Alerte sur les d\u00e9rives en mati\u00e8re de th\u00e9rapie - Au Souffle De Lumi\u00e8re","isPartOf":{"@id":"https:\/\/www.au-souffle-de-lumiere.be\/#website"},"primaryImageOfPage":{"@id":"https:\/\/www.au-souffle-de-lumiere.be\/index.php\/alerte-sur-les-derives-en-matiere-de-therapie\/#primaryimage"},"image":{"@id":"https:\/\/www.au-souffle-de-lumiere.be\/index.php\/alerte-sur-les-derives-en-matiere-de-therapie\/#primaryimage"},"thumbnailUrl":"https:\/\/www.au-souffle-de-lumiere.be\/wp-content\/uploads\/2022\/10\/faux.webp","datePublished":"2022-10-26T10:59:11+00:00","dateModified":"2023-07-17T11:30:30+00:00","breadcrumb":{"@id":"https:\/\/www.au-souffle-de-lumiere.be\/index.php\/alerte-sur-les-derives-en-matiere-de-therapie\/#breadcrumb"},"inLanguage":"fr-FR","potentialAction":[{"@type":"ReadAction","target":["https:\/\/www.au-souffle-de-lumiere.be\/index.php\/alerte-sur-les-derives-en-matiere-de-therapie\/"]}]},{"@type":"ImageObject","inLanguage":"fr-FR","@id":"https:\/\/www.au-souffle-de-lumiere.be\/index.php\/alerte-sur-les-derives-en-matiere-de-therapie\/#primaryimage","url":"https:\/\/i0.wp.com\/www.au-souffle-de-lumiere.be\/wp-content\/uploads\/2022\/10\/faux.webp?fit=1024%2C894&ssl=1","contentUrl":"https:\/\/i0.wp.com\/www.au-souffle-de-lumiere.be\/wp-content\/uploads\/2022\/10\/faux.webp?fit=1024%2C894&ssl=1","width":1024,"height":894},{"@type":"BreadcrumbList","@id":"https:\/\/www.au-souffle-de-lumiere.be\/index.php\/alerte-sur-les-derives-en-matiere-de-therapie\/#breadcrumb","itemListElement":[{"@type":"ListItem","position":1,"name":"Accueil","item":"https:\/\/www.au-souffle-de-lumiere.be\/"},{"@type":"ListItem","position":2,"name":"Alerte sur les d\u00e9rives en mati\u00e8re de th\u00e9rapie"}]},{"@type":"WebSite","@id":"https:\/\/www.au-souffle-de-lumiere.be\/#website","url":"https:\/\/www.au-souffle-de-lumiere.be\/","name":"Au Souffle De Lumi\u00e8re","description":"Hypnose-Soin \u00e9nerg\u00e9tique","publisher":{"@id":"https:\/\/www.au-souffle-de-lumiere.be\/#organization"},"potentialAction":[{"@type":"SearchAction","target":{"@type":"EntryPoint","urlTemplate":"https:\/\/www.au-souffle-de-lumiere.be\/?s={search_term_string}"},"query-input":{"@type":"PropertyValueSpecification","valueRequired":true,"valueName":"search_term_string"}}],"inLanguage":"fr-FR"},{"@type":"Organization","@id":"https:\/\/www.au-souffle-de-lumiere.be\/#organization","name":"Au souffle de lumi\u00e8re","url":"https:\/\/www.au-souffle-de-lumiere.be\/","logo":{"@type":"ImageObject","inLanguage":"fr-FR","@id":"https:\/\/www.au-souffle-de-lumiere.be\/#\/schema\/logo\/image\/","url":"https:\/\/i2.wp.com\/www.au-souffle-de-lumiere.be\/wp-content\/uploads\/2020\/02\/Nature-Soleil-5d66366b.jpg?fit=1920%2C1200&ssl=1","contentUrl":"https:\/\/i2.wp.com\/www.au-souffle-de-lumiere.be\/wp-content\/uploads\/2020\/02\/Nature-Soleil-5d66366b.jpg?fit=1920%2C1200&ssl=1","width":1920,"height":1200,"caption":"Au souffle de lumi\u00e8re"},"image":{"@id":"https:\/\/www.au-souffle-de-lumiere.be\/#\/schema\/logo\/image\/"}}]}},"jetpack_sharing_enabled":true,"_links":{"self":[{"href":"https:\/\/www.au-souffle-de-lumiere.be\/index.php\/wp-json\/wp\/v2\/pages\/2274","targetHints":{"allow":["GET"]}}],"collection":[{"href":"https:\/\/www.au-souffle-de-lumiere.be\/index.php\/wp-json\/wp\/v2\/pages"}],"about":[{"href":"https:\/\/www.au-souffle-de-lumiere.be\/index.php\/wp-json\/wp\/v2\/types\/page"}],"author":[{"embeddable":true,"href":"https:\/\/www.au-souffle-de-lumiere.be\/index.php\/wp-json\/wp\/v2\/users\/1"}],"replies":[{"embeddable":true,"href":"https:\/\/www.au-souffle-de-lumiere.be\/index.php\/wp-json\/wp\/v2\/comments?post=2274"}],"version-history":[{"count":8,"href":"https:\/\/www.au-souffle-de-lumiere.be\/index.php\/wp-json\/wp\/v2\/pages\/2274\/revisions"}],"predecessor-version":[{"id":2384,"href":"https:\/\/www.au-souffle-de-lumiere.be\/index.php\/wp-json\/wp\/v2\/pages\/2274\/revisions\/2384"}],"wp:attachment":[{"href":"https:\/\/www.au-souffle-de-lumiere.be\/index.php\/wp-json\/wp\/v2\/media?parent=2274"}],"curies":[{"name":"wp","href":"https:\/\/api.w.org\/{rel}","templated":true}]}}