{"id":778,"date":"2020-05-31T09:35:03","date_gmt":"2020-05-31T07:35:03","guid":{"rendered":"https:\/\/xn--au-souffle-de-lumire-61b.be\/?page_id=778"},"modified":"2021-07-12T14:26:41","modified_gmt":"2021-07-12T12:26:41","slug":"combien-de-seance","status":"publish","type":"page","link":"https:\/\/www.au-souffle-de-lumiere.be\/index.php\/combien-de-seance\/","title":{"rendered":"Combien de s\u00e9ance"},"content":{"rendered":"\n<figure class=\"wp-block-image size-large\"><img data-recalc-dims=\"1\" loading=\"lazy\" decoding=\"async\" width=\"230\" height=\"219\" src=\"https:\/\/i0.wp.com\/xn--au-souffle-de-lumire-61b.be\/wp-content\/uploads\/2020\/05\/images.jpg?resize=230%2C219&#038;ssl=1\" alt=\"\" class=\"wp-image-777\"\/><\/figure>\n\n\n\n<p><\/p>\n\n\n\n<p class=\"has-very-dark-gray-color has-text-color\" style=\"font-size:18px\"><em>Chaque personne \u00e9tant diff\u00e9rente, il est impossible de r\u00e9pondre \u00e0 cette question en ce qui vous concerne. Cela d\u00e9pend \u00e0 la fois de la probl\u00e9matique, de votre \u00e9tat d\u2019esprit, de votre histoire\u2026 d\u2019\u00e9norm\u00e9ment de param\u00e8tres en fait.<br>Sachez \u00e9galement qu\u2019il est impossible de garantir 100 % de r\u00e9ussite, car une grande partie du succ\u00e8s vient de vous. En commen\u00e7ant un travail avec nous, c\u2019est comme si nous \u00e9tions dans une barque avec chacun une rame.<br>Ensemble, nous pouvons avancer vite et loin, mais s\u2019il n\u2019y en a qu\u2019un qui rame, on tourne en rond<\/em>. Ce qui est certain, c&rsquo;est qu&rsquo;une seule s\u00e9ance ne suffit pas.<\/p>\n","protected":false},"excerpt":{"rendered":"<p>Chaque personne \u00e9tant diff\u00e9rente, il est impossible de r\u00e9pondre \u00e0 cette question en ce qui vous concerne. Cela d\u00e9pend \u00e0 la fois de la probl\u00e9matique, de votre \u00e9tat d\u2019esprit, de votre histoire\u2026 d\u2019\u00e9norm\u00e9ment de param\u00e8tres en fait.Sachez \u00e9galement qu\u2019il est impossible de garantir 100 % de r\u00e9ussite, car une grande partie du succ\u00e8s vient de &hellip; <a href=\"https:\/\/www.au-souffle-de-lumiere.be\/index.php\/combien-de-seance\/\" class=\"more-link\">Continuer la lecture de <span class=\"screen-reader-text\">Combien de s\u00e9ance<\/span> <span class=\"meta-nav\">&rarr;<\/span><\/a><\/p>\n","protected":false},"author":1,"featured_media":0,"parent":0,"menu_order":0,"comment_status":"closed","ping_status":"closed","template":"","meta":{"footnotes":""},"class_list":["post-778","page","type-page","status-publish","hentry"],"yoast_head":"<!-- This site is optimized with the Yoast SEO plugin v27.5 - https:\/\/yoast.com\/product\/yoast-seo-wordpress\/ -->\n<title>Combien de s\u00e9ance - Au Souffle De Lumi\u00e8re<\/title>\n<meta name=\"robots\" content=\"index, follow, max-snippet:-1, max-image-preview:large, max-video-preview:-1\" \/>\n<link rel=\"canonical\" href=\"https:\/\/www.au-souffle-de-lumiere.be\/index.php\/combien-de-seance\/\" \/>\n<meta property=\"og:locale\" content=\"fr_FR\" \/>\n<meta property=\"og:type\" content=\"article\" \/>\n<meta property=\"og:title\" content=\"Combien de s\u00e9ance - Au Souffle De Lumi\u00e8re\" \/>\n<meta property=\"og:description\" content=\"Chaque personne \u00e9tant diff\u00e9rente, il est impossible de r\u00e9pondre \u00e0 cette question en ce qui vous concerne. Cela d\u00e9pend \u00e0 la fois de la probl\u00e9matique, de votre \u00e9tat d\u2019esprit, de votre histoire\u2026 d\u2019\u00e9norm\u00e9ment de param\u00e8tres en fait.Sachez \u00e9galement qu\u2019il est impossible de garantir 100 % de r\u00e9ussite, car une grande partie du succ\u00e8s vient de &hellip; Continuer la lecture de Combien de s\u00e9ance &rarr;\" \/>\n<meta property=\"og:url\" content=\"https:\/\/www.au-souffle-de-lumiere.be\/index.php\/combien-de-seance\/\" \/>\n<meta property=\"og:site_name\" content=\"Au Souffle De Lumi\u00e8re\" \/>\n<meta property=\"article:modified_time\" content=\"2021-07-12T12:26:41+00:00\" \/>\n<meta property=\"og:image\" content=\"https:\/\/xn--au-souffle-de-lumire-61b.be\/wp-content\/uploads\/2020\/05\/images.jpg\" \/>\n<meta name=\"twitter:card\" content=\"summary_large_image\" \/>\n<meta name=\"twitter:label1\" content=\"Dur\u00e9e de lecture estim\u00e9e\" \/>\n\t<meta name=\"twitter:data1\" content=\"1 minute\" \/>\n<script type=\"application\/ld+json\" class=\"yoast-schema-graph\">{\"@context\":\"https:\\\/\\\/schema.org\",\"@graph\":[{\"@type\":\"WebPage\",\"@id\":\"https:\\\/\\\/www.au-souffle-de-lumiere.be\\\/index.php\\\/combien-de-seance\\\/\",\"url\":\"https:\\\/\\\/www.au-souffle-de-lumiere.be\\\/index.php\\\/combien-de-seance\\\/\",\"name\":\"Combien de s\u00e9ance - Au Souffle De Lumi\u00e8re\",\"isPartOf\":{\"@id\":\"https:\\\/\\\/www.au-souffle-de-lumiere.be\\\/#website\"},\"primaryImageOfPage\":{\"@id\":\"https:\\\/\\\/www.au-souffle-de-lumiere.be\\\/index.php\\\/combien-de-seance\\\/#primaryimage\"},\"image\":{\"@id\":\"https:\\\/\\\/www.au-souffle-de-lumiere.be\\\/index.php\\\/combien-de-seance\\\/#primaryimage\"},\"thumbnailUrl\":\"https:\\\/\\\/xn--au-souffle-de-lumire-61b.be\\\/wp-content\\\/uploads\\\/2020\\\/05\\\/images.jpg\",\"datePublished\":\"2020-05-31T07:35:03+00:00\",\"dateModified\":\"2021-07-12T12:26:41+00:00\",\"breadcrumb\":{\"@id\":\"https:\\\/\\\/www.au-souffle-de-lumiere.be\\\/index.php\\\/combien-de-seance\\\/#breadcrumb\"},\"inLanguage\":\"fr-FR\",\"potentialAction\":[{\"@type\":\"ReadAction\",\"target\":[\"https:\\\/\\\/www.au-souffle-de-lumiere.be\\\/index.php\\\/combien-de-seance\\\/\"]}]},{\"@type\":\"ImageObject\",\"inLanguage\":\"fr-FR\",\"@id\":\"https:\\\/\\\/www.au-souffle-de-lumiere.be\\\/index.php\\\/combien-de-seance\\\/#primaryimage\",\"url\":\"https:\\\/\\\/xn--au-souffle-de-lumire-61b.be\\\/wp-content\\\/uploads\\\/2020\\\/05\\\/images.jpg\",\"contentUrl\":\"https:\\\/\\\/xn--au-souffle-de-lumire-61b.be\\\/wp-content\\\/uploads\\\/2020\\\/05\\\/images.jpg\"},{\"@type\":\"BreadcrumbList\",\"@id\":\"https:\\\/\\\/www.au-souffle-de-lumiere.be\\\/index.php\\\/combien-de-seance\\\/#breadcrumb\",\"itemListElement\":[{\"@type\":\"ListItem\",\"position\":1,\"name\":\"Accueil\",\"item\":\"https:\\\/\\\/www.au-souffle-de-lumiere.be\\\/\"},{\"@type\":\"ListItem\",\"position\":2,\"name\":\"Combien de s\u00e9ance\"}]},{\"@type\":\"WebSite\",\"@id\":\"https:\\\/\\\/www.au-souffle-de-lumiere.be\\\/#website\",\"url\":\"https:\\\/\\\/www.au-souffle-de-lumiere.be\\\/\",\"name\":\"Au Souffle De Lumi\u00e8re\",\"description\":\"Hypnose-Soin \u00e9nerg\u00e9tique\",\"publisher\":{\"@id\":\"https:\\\/\\\/www.au-souffle-de-lumiere.be\\\/#organization\"},\"potentialAction\":[{\"@type\":\"SearchAction\",\"target\":{\"@type\":\"EntryPoint\",\"urlTemplate\":\"https:\\\/\\\/www.au-souffle-de-lumiere.be\\\/?s={search_term_string}\"},\"query-input\":{\"@type\":\"PropertyValueSpecification\",\"valueRequired\":true,\"valueName\":\"search_term_string\"}}],\"inLanguage\":\"fr-FR\"},{\"@type\":\"Organization\",\"@id\":\"https:\\\/\\\/www.au-souffle-de-lumiere.be\\\/#organization\",\"name\":\"Au souffle de lumi\u00e8re\",\"url\":\"https:\\\/\\\/www.au-souffle-de-lumiere.be\\\/\",\"logo\":{\"@type\":\"ImageObject\",\"inLanguage\":\"fr-FR\",\"@id\":\"https:\\\/\\\/www.au-souffle-de-lumiere.be\\\/#\\\/schema\\\/logo\\\/image\\\/\",\"url\":\"https:\\\/\\\/i2.wp.com\\\/www.au-souffle-de-lumiere.be\\\/wp-content\\\/uploads\\\/2020\\\/02\\\/Nature-Soleil-5d66366b.jpg?fit=1920%2C1200&ssl=1\",\"contentUrl\":\"https:\\\/\\\/i2.wp.com\\\/www.au-souffle-de-lumiere.be\\\/wp-content\\\/uploads\\\/2020\\\/02\\\/Nature-Soleil-5d66366b.jpg?fit=1920%2C1200&ssl=1\",\"width\":1920,\"height\":1200,\"caption\":\"Au souffle de lumi\u00e8re\"},\"image\":{\"@id\":\"https:\\\/\\\/www.au-souffle-de-lumiere.be\\\/#\\\/schema\\\/logo\\\/image\\\/\"}}]}<\/script>\n<!-- \/ Yoast SEO plugin. -->","yoast_head_json":{"title":"Combien de s\u00e9ance - Au Souffle De Lumi\u00e8re","robots":{"index":"index","follow":"follow","max-snippet":"max-snippet:-1","max-image-preview":"max-image-preview:large","max-video-preview":"max-video-preview:-1"},"canonical":"https:\/\/www.au-souffle-de-lumiere.be\/index.php\/combien-de-seance\/","og_locale":"fr_FR","og_type":"article","og_title":"Combien de s\u00e9ance - Au Souffle De Lumi\u00e8re","og_description":"Chaque personne \u00e9tant diff\u00e9rente, il est impossible de r\u00e9pondre \u00e0 cette question en ce qui vous concerne. Cela d\u00e9pend \u00e0 la fois de la probl\u00e9matique, de votre \u00e9tat d\u2019esprit, de votre histoire\u2026 d\u2019\u00e9norm\u00e9ment de param\u00e8tres en fait.Sachez \u00e9galement qu\u2019il est impossible de garantir 100 % de r\u00e9ussite, car une grande partie du succ\u00e8s vient de &hellip; Continuer la lecture de Combien de s\u00e9ance &rarr;","og_url":"https:\/\/www.au-souffle-de-lumiere.be\/index.php\/combien-de-seance\/","og_site_name":"Au Souffle De Lumi\u00e8re","article_modified_time":"2021-07-12T12:26:41+00:00","og_image":[{"url":"https:\/\/xn--au-souffle-de-lumire-61b.be\/wp-content\/uploads\/2020\/05\/images.jpg","type":"","width":"","height":""}],"twitter_card":"summary_large_image","twitter_misc":{"Dur\u00e9e de lecture estim\u00e9e":"1 minute"},"schema":{"@context":"https:\/\/schema.org","@graph":[{"@type":"WebPage","@id":"https:\/\/www.au-souffle-de-lumiere.be\/index.php\/combien-de-seance\/","url":"https:\/\/www.au-souffle-de-lumiere.be\/index.php\/combien-de-seance\/","name":"Combien de s\u00e9ance - Au Souffle De Lumi\u00e8re","isPartOf":{"@id":"https:\/\/www.au-souffle-de-lumiere.be\/#website"},"primaryImageOfPage":{"@id":"https:\/\/www.au-souffle-de-lumiere.be\/index.php\/combien-de-seance\/#primaryimage"},"image":{"@id":"https:\/\/www.au-souffle-de-lumiere.be\/index.php\/combien-de-seance\/#primaryimage"},"thumbnailUrl":"https:\/\/xn--au-souffle-de-lumire-61b.be\/wp-content\/uploads\/2020\/05\/images.jpg","datePublished":"2020-05-31T07:35:03+00:00","dateModified":"2021-07-12T12:26:41+00:00","breadcrumb":{"@id":"https:\/\/www.au-souffle-de-lumiere.be\/index.php\/combien-de-seance\/#breadcrumb"},"inLanguage":"fr-FR","potentialAction":[{"@type":"ReadAction","target":["https:\/\/www.au-souffle-de-lumiere.be\/index.php\/combien-de-seance\/"]}]},{"@type":"ImageObject","inLanguage":"fr-FR","@id":"https:\/\/www.au-souffle-de-lumiere.be\/index.php\/combien-de-seance\/#primaryimage","url":"https:\/\/xn--au-souffle-de-lumire-61b.be\/wp-content\/uploads\/2020\/05\/images.jpg","contentUrl":"https:\/\/xn--au-souffle-de-lumire-61b.be\/wp-content\/uploads\/2020\/05\/images.jpg"},{"@type":"BreadcrumbList","@id":"https:\/\/www.au-souffle-de-lumiere.be\/index.php\/combien-de-seance\/#breadcrumb","itemListElement":[{"@type":"ListItem","position":1,"name":"Accueil","item":"https:\/\/www.au-souffle-de-lumiere.be\/"},{"@type":"ListItem","position":2,"name":"Combien de s\u00e9ance"}]},{"@type":"WebSite","@id":"https:\/\/www.au-souffle-de-lumiere.be\/#website","url":"https:\/\/www.au-souffle-de-lumiere.be\/","name":"Au Souffle De Lumi\u00e8re","description":"Hypnose-Soin \u00e9nerg\u00e9tique","publisher":{"@id":"https:\/\/www.au-souffle-de-lumiere.be\/#organization"},"potentialAction":[{"@type":"SearchAction","target":{"@type":"EntryPoint","urlTemplate":"https:\/\/www.au-souffle-de-lumiere.be\/?s={search_term_string}"},"query-input":{"@type":"PropertyValueSpecification","valueRequired":true,"valueName":"search_term_string"}}],"inLanguage":"fr-FR"},{"@type":"Organization","@id":"https:\/\/www.au-souffle-de-lumiere.be\/#organization","name":"Au souffle de lumi\u00e8re","url":"https:\/\/www.au-souffle-de-lumiere.be\/","logo":{"@type":"ImageObject","inLanguage":"fr-FR","@id":"https:\/\/www.au-souffle-de-lumiere.be\/#\/schema\/logo\/image\/","url":"https:\/\/i2.wp.com\/www.au-souffle-de-lumiere.be\/wp-content\/uploads\/2020\/02\/Nature-Soleil-5d66366b.jpg?fit=1920%2C1200&ssl=1","contentUrl":"https:\/\/i2.wp.com\/www.au-souffle-de-lumiere.be\/wp-content\/uploads\/2020\/02\/Nature-Soleil-5d66366b.jpg?fit=1920%2C1200&ssl=1","width":1920,"height":1200,"caption":"Au souffle de lumi\u00e8re"},"image":{"@id":"https:\/\/www.au-souffle-de-lumiere.be\/#\/schema\/logo\/image\/"}}]}},"jetpack_sharing_enabled":true,"_links":{"self":[{"href":"https:\/\/www.au-souffle-de-lumiere.be\/index.php\/wp-json\/wp\/v2\/pages\/778","targetHints":{"allow":["GET"]}}],"collection":[{"href":"https:\/\/www.au-souffle-de-lumiere.be\/index.php\/wp-json\/wp\/v2\/pages"}],"about":[{"href":"https:\/\/www.au-souffle-de-lumiere.be\/index.php\/wp-json\/wp\/v2\/types\/page"}],"author":[{"embeddable":true,"href":"https:\/\/www.au-souffle-de-lumiere.be\/index.php\/wp-json\/wp\/v2\/users\/1"}],"replies":[{"embeddable":true,"href":"https:\/\/www.au-souffle-de-lumiere.be\/index.php\/wp-json\/wp\/v2\/comments?post=778"}],"version-history":[{"count":0,"href":"https:\/\/www.au-souffle-de-lumiere.be\/index.php\/wp-json\/wp\/v2\/pages\/778\/revisions"}],"wp:attachment":[{"href":"https:\/\/www.au-souffle-de-lumiere.be\/index.php\/wp-json\/wp\/v2\/media?parent=778"}],"curies":[{"name":"wp","href":"https:\/\/api.w.org\/{rel}","templated":true}]}}